
{"id":167,"date":"2016-01-13T11:10:13","date_gmt":"2016-01-13T10:10:13","guid":{"rendered":"http:\/\/www.leadingsearchpartners.com\/en\/?page_id=167"},"modified":"2023-01-12T13:35:54","modified_gmt":"2023-01-12T12:35:54","slug":"home","status":"publish","type":"page","link":"https:\/\/www.leadingsearchpartners.com\/en\/","title":{"rendered":"Home"},"content":{"rendered":"<p>[vc_row][vc_column]<div class=\"heading-row row \">\n                <div class=\"col-md-10 col-md-offset-1 col-sm-8 col-sm-offset-2\"><h1>A brighter future together.<\/h1><\/div>\n                <div class=\"col-md-8 col-md-offset-2 col-sm-10 col-sm-offset-1\"><p style=\"text-align: center;\">Our greatest passion lies in finding and<br \/>\nencouraging top talent. We are constantly<br \/>\nsearching for the best and find new<br \/>\ncandidates every day, meaning we are<br \/>\nalways one step ahead.<\/p>\n<\/div><\/div>[\/vc_column][\/vc_row][vc_row][vc_column offset=&#8221;vc_col-lg-4 vc_col-md-12&#8243;]<div class=\"info-box\">\n                <h1>Search &amp; Find<\/h1>\n                <div class=\"info-box-content\"><p><strong>More<\/strong> than just demand analysis. We are not just looking for staff but for top-class placements by asking ques\u00adtions attentively and searching along new paths and in secret corners.<\/p>\n<\/div>\n            <\/div>[\/vc_column][vc_column offset=&#8221;vc_col-lg-4 vc_col-md-12&#8243;]<div class=\"info-box\">\n                <h1>Accompany<\/h1>\n                <div class=\"info-box-content\"><p><strong>People<\/strong> are looking for their occupa\u00adtional future, organisations for their development. Our answer is the pro\u00adfessional accompaniment while being in touch with the latest trends. For entrepreneurial and personal deve\u00adlopment.<\/p>\n<\/div>\n            <\/div>[\/vc_column][vc_column offset=&#8221;vc_col-lg-4 vc_col-md-12&#8243;]<div class=\"info-box\">\n                <h1>Connect<\/h1>\n                <div class=\"info-box-content\"><p><strong>We<\/strong> consider ourselves satisfied not before we have connected the right two people. With all their charac\u00adteristics and special skills. In order to create long-term relationships. We provide assistance during nego\u00adtiations and the following integration process. That\u2019s what we understand as quality.<\/p>\n<\/div>\n            <\/div>[\/vc_column][\/vc_row][vc_row][vc_column]<h1 class=\"lines\">\n                <span class=\"text-uppercase\">More about Leading Search Partners<\/span>\n            <\/h1>[\/vc_column][\/vc_row][vc_row][vc_column width=&#8221;1\/3&#8243;]\n        <div class=\"about-box text-center\">\n            <h1>Industries<\/h1>\n            <div class=\"about-box-content\"><p><a href=\"https:\/\/www.leadingsearchpartners.com\/wp-content\/uploads\/2016\/01\/Branchen_EN.png\" rel=\"lightbox\"  rel=\"attachment wp-att-220\"><img decoding=\"async\" loading=\"lazy\" class=\"alignnone size-full wp-image-220 aligncenter\" src=\"https:\/\/www.leadingsearchpartners.com\/wp-content\/uploads\/2016\/01\/Branchen_EN.png\" alt=\"Branchen_EN\" width=\"181\" height=\"195\" \/><\/a><\/p>\n<p style=\"text-align: center;\"><a href=\"https:\/\/www.leadingsearchpartners.com\/en\/who-we-are\/market-expertise\/\">&gt; more<\/a><\/p>\n<\/div>\n            <div class=\"about-box-stop\"><\/div>\n        <\/div>\n        [\/vc_column][vc_column width=&#8221;1\/3&#8243;]\n        <div class=\"about-box text-center\">\n            <h1>Country Expertise<\/h1>\n            <div class=\"about-box-content\"><p><a href=\"https:\/\/www.leadingsearchpartners.com\/wp-content\/uploads\/2016\/01\/globus.png\" rel=\"lightbox\"  rel=\"attachment wp-att-175\"><img decoding=\"async\" loading=\"lazy\" class=\"alignnone size-full wp-image-175 aligncenter\" src=\"https:\/\/www.leadingsearchpartners.com\/wp-content\/uploads\/2016\/01\/globus.png\" alt=\"Globus\" width=\"130\" height=\"156\" \/><\/a><\/p>\n<p style=\"text-align: center;\"><a href=\"https:\/\/www.leadingsearchpartners.com\/en\/who-we-are\/country-expertise\/\">&gt; more<\/a><\/p>\n<\/div>\n            <div class=\"about-box-stop\"><\/div>\n        <\/div>\n        [\/vc_column][vc_column width=&#8221;1\/3&#8243;]\n        <div class=\"about-box text-center\">\n            <div class=\"about-box-content\"><h2>Our<br \/>\nwealth of<br \/>\nexperience<\/h2>\n<p style=\"text-align: center;\">more than <strong>100 years<\/strong><br \/>\nof operational experience<br \/>\nreal partnerships<br \/>\nhigh quality standards<br \/>\n<strong>self-reflection.<\/strong><\/p>\n<\/div>\n            <div class=\"about-box-stop\"><\/div>\n        <\/div>\n        [\/vc_column][\/vc_row]<\/p>\n","protected":false},"excerpt":{"rendered":"<p>[vc_row][vc_column][\/vc_column][\/vc_row][vc_row][vc_column offset=&#8221;vc_col-lg-4 vc_col-md-12&#8243;][\/vc_column][vc_column offset=&#8221;vc_col-lg-4 vc_col-md-12&#8243;][\/vc_column][vc_column offset=&#8221;vc_col-lg-4 vc_col-md-12&#8243;][\/vc_column][\/vc_row][vc_row][vc_column][\/vc_column][\/vc_row][vc_row][vc_column width=&#8221;1\/3&#8243;][\/vc_column][vc_column width=&#8221;1\/3&#8243;][\/vc_column][vc_column width=&#8221;1\/3&#8243;][\/vc_column][\/vc_row]<\/p>\n","protected":false},"author":1,"featured_media":0,"parent":0,"menu_order":0,"comment_status":"closed","ping_status":"closed","template":"","meta":{"footnotes":""},"acf":[],"yoast_head":"<!-- This site is optimized with the Yoast SEO plugin v20.6 - https:\/\/yoast.com\/wordpress\/plugins\/seo\/ -->\n<title>Home - Leading Search Partners<\/title>\n<meta name=\"robots\" content=\"index, follow, max-snippet:-1, max-image-preview:large, max-video-preview:-1\" \/>\n<link rel=\"canonical\" href=\"https:\/\/www.leadingsearchpartners.com\/home\/\" \/>\n<meta property=\"og:locale\" content=\"en_US\" \/>\n<meta property=\"og:type\" content=\"article\" \/>\n<meta property=\"og:title\" content=\"Home - Leading Search Partners\" \/>\n<meta property=\"og:description\" content=\"[vc_row][vc_column][\/vc_column][\/vc_row][vc_row][vc_column offset=&#8221;vc_col-lg-4 vc_col-md-12&#8243;][\/vc_column][vc_column offset=&#8221;vc_col-lg-4 vc_col-md-12&#8243;][\/vc_column][vc_column offset=&#8221;vc_col-lg-4 vc_col-md-12&#8243;][\/vc_column][\/vc_row][vc_row][vc_column][\/vc_column][\/vc_row][vc_row][vc_column width=&#8221;1\/3&#8243;][\/vc_column][vc_column width=&#8221;1\/3&#8243;][\/vc_column][vc_column width=&#8221;1\/3&#8243;][\/vc_column][\/vc_row]\" \/>\n<meta property=\"og:url\" content=\"https:\/\/www.leadingsearchpartners.com\/home\/\" \/>\n<meta property=\"og:site_name\" content=\"Leading Search Partners\" \/>\n<meta property=\"article:modified_time\" content=\"2023-01-12T12:35:54+00:00\" \/>\n<meta property=\"og:image\" content=\"https:\/\/www.leadingsearchpartners.com\/wp-content\/uploads\/2016\/01\/Branchen_EN.png\" \/>\n<meta name=\"twitter:card\" content=\"summary_large_image\" \/>\n<meta name=\"twitter:label1\" content=\"Est. reading time\" \/>\n\t<meta name=\"twitter:data1\" content=\"2 minutes\" \/>\n<script type=\"application\/ld+json\" class=\"yoast-schema-graph\">{\"@context\":\"https:\/\/schema.org\",\"@graph\":[{\"@type\":\"WebPage\",\"@id\":\"https:\/\/www.leadingsearchpartners.com\/home\/\",\"url\":\"https:\/\/www.leadingsearchpartners.com\/home\/\",\"name\":\"Home - Leading Search Partners\",\"isPartOf\":{\"@id\":\"https:\/\/www.leadingsearchpartners.com\/#website\"},\"datePublished\":\"2016-01-13T10:10:13+00:00\",\"dateModified\":\"2023-01-12T12:35:54+00:00\",\"breadcrumb\":{\"@id\":\"https:\/\/www.leadingsearchpartners.com\/home\/#breadcrumb\"},\"inLanguage\":\"en-US\",\"potentialAction\":[{\"@type\":\"ReadAction\",\"target\":[\"https:\/\/www.leadingsearchpartners.com\/home\/\"]}]},{\"@type\":\"BreadcrumbList\",\"@id\":\"https:\/\/www.leadingsearchpartners.com\/home\/#breadcrumb\",\"itemListElement\":[{\"@type\":\"ListItem\",\"position\":1,\"name\":\"Startseite\",\"item\":\"https:\/\/www.leadingsearchpartners.com\/home\/\"},{\"@type\":\"ListItem\",\"position\":2,\"name\":\"Home\"}]},{\"@type\":\"WebSite\",\"@id\":\"https:\/\/www.leadingsearchpartners.com\/#website\",\"url\":\"https:\/\/www.leadingsearchpartners.com\/\",\"name\":\"Leading Search Partners\",\"description\":\"Das Finden und F\u00f6rdern von Sch\u00e4tzen ist  unsere gr\u00f6\u00dfte Passion. Jeden Tag aufs Neue machen wir uns auf die Suche. Und sind so immer einen Schritt voraus.\",\"potentialAction\":[{\"@type\":\"SearchAction\",\"target\":{\"@type\":\"EntryPoint\",\"urlTemplate\":\"https:\/\/www.leadingsearchpartners.com\/?s={search_term_string}\"},\"query-input\":\"required name=search_term_string\"}],\"inLanguage\":\"en-US\"}]}<\/script>\n<!-- \/ Yoast SEO plugin. -->","yoast_head_json":{"title":"Home - Leading Search Partners","robots":{"index":"index","follow":"follow","max-snippet":"max-snippet:-1","max-image-preview":"max-image-preview:large","max-video-preview":"max-video-preview:-1"},"canonical":"https:\/\/www.leadingsearchpartners.com\/home\/","og_locale":"en_US","og_type":"article","og_title":"Home - Leading Search Partners","og_description":"[vc_row][vc_column][\/vc_column][\/vc_row][vc_row][vc_column offset=&#8221;vc_col-lg-4 vc_col-md-12&#8243;][\/vc_column][vc_column offset=&#8221;vc_col-lg-4 vc_col-md-12&#8243;][\/vc_column][vc_column offset=&#8221;vc_col-lg-4 vc_col-md-12&#8243;][\/vc_column][\/vc_row][vc_row][vc_column][\/vc_column][\/vc_row][vc_row][vc_column width=&#8221;1\/3&#8243;][\/vc_column][vc_column width=&#8221;1\/3&#8243;][\/vc_column][vc_column width=&#8221;1\/3&#8243;][\/vc_column][\/vc_row]","og_url":"https:\/\/www.leadingsearchpartners.com\/home\/","og_site_name":"Leading Search Partners","article_modified_time":"2023-01-12T12:35:54+00:00","og_image":[{"url":"https:\/\/www.leadingsearchpartners.com\/wp-content\/uploads\/2016\/01\/Branchen_EN.png"}],"twitter_card":"summary_large_image","twitter_misc":{"Est. reading time":"2 minutes"},"schema":{"@context":"https:\/\/schema.org","@graph":[{"@type":"WebPage","@id":"https:\/\/www.leadingsearchpartners.com\/home\/","url":"https:\/\/www.leadingsearchpartners.com\/home\/","name":"Home - Leading Search Partners","isPartOf":{"@id":"https:\/\/www.leadingsearchpartners.com\/#website"},"datePublished":"2016-01-13T10:10:13+00:00","dateModified":"2023-01-12T12:35:54+00:00","breadcrumb":{"@id":"https:\/\/www.leadingsearchpartners.com\/home\/#breadcrumb"},"inLanguage":"en-US","potentialAction":[{"@type":"ReadAction","target":["https:\/\/www.leadingsearchpartners.com\/home\/"]}]},{"@type":"BreadcrumbList","@id":"https:\/\/www.leadingsearchpartners.com\/home\/#breadcrumb","itemListElement":[{"@type":"ListItem","position":1,"name":"Startseite","item":"https:\/\/www.leadingsearchpartners.com\/home\/"},{"@type":"ListItem","position":2,"name":"Home"}]},{"@type":"WebSite","@id":"https:\/\/www.leadingsearchpartners.com\/#website","url":"https:\/\/www.leadingsearchpartners.com\/","name":"Leading Search Partners","description":"Das Finden und F\u00f6rdern von Sch\u00e4tzen ist  unsere gr\u00f6\u00dfte Passion. Jeden Tag aufs Neue machen wir uns auf die Suche. Und sind so immer einen Schritt voraus.","potentialAction":[{"@type":"SearchAction","target":{"@type":"EntryPoint","urlTemplate":"https:\/\/www.leadingsearchpartners.com\/?s={search_term_string}"},"query-input":"required name=search_term_string"}],"inLanguage":"en-US"}]}},"_links":{"self":[{"href":"https:\/\/www.leadingsearchpartners.com\/en\/wp-json\/wp\/v2\/pages\/167"}],"collection":[{"href":"https:\/\/www.leadingsearchpartners.com\/en\/wp-json\/wp\/v2\/pages"}],"about":[{"href":"https:\/\/www.leadingsearchpartners.com\/en\/wp-json\/wp\/v2\/types\/page"}],"author":[{"embeddable":true,"href":"https:\/\/www.leadingsearchpartners.com\/en\/wp-json\/wp\/v2\/users\/1"}],"replies":[{"embeddable":true,"href":"https:\/\/www.leadingsearchpartners.com\/en\/wp-json\/wp\/v2\/comments?post=167"}],"version-history":[{"count":24,"href":"https:\/\/www.leadingsearchpartners.com\/en\/wp-json\/wp\/v2\/pages\/167\/revisions"}],"predecessor-version":[{"id":6086,"href":"https:\/\/www.leadingsearchpartners.com\/en\/wp-json\/wp\/v2\/pages\/167\/revisions\/6086"}],"wp:attachment":[{"href":"https:\/\/www.leadingsearchpartners.com\/en\/wp-json\/wp\/v2\/media?parent=167"}],"curies":[{"name":"wp","href":"https:\/\/api.w.org\/{rel}","templated":true}]}}