
{"id":196,"date":"2016-01-14T08:32:04","date_gmt":"2016-01-14T07:32:04","guid":{"rendered":"http:\/\/www.leadingsearchpartners.com\/en\/?page_id=196"},"modified":"2024-04-25T09:20:42","modified_gmt":"2024-04-25T07:20:42","slug":"196-2","status":"publish","type":"page","link":"https:\/\/www.leadingsearchpartners.com\/en\/196-2\/","title":{"rendered":"Imprint"},"content":{"rendered":"<p>[vc_row][vc_column][vc_column_text]<\/p>\n<h1 class=\"text-center\">Imprint<\/h1>\n<h3 style=\"text-align: center;\">LSP Holding OG<\/h3>\n<p style=\"text-align: center;\">Zollergasse 2\/38, 1070 Wien<br \/>\n<strong>T<\/strong> +43 1 33 66 0 22<br \/>\nwww.leadingsearchpartners.com<br \/>\noffice@leadingsearchpartners.com<br \/>\nUnternehmensgegenstand: Holdingfunktion<br \/>\nGerichtsstand Wien<\/p>\n<p style=\"text-align: center;\">Owner:<br \/>\nM &amp; P Leading Search Partners GmbH<br \/>\nMag. Gabriele Greimel<\/p>\n<p style=\"text-align: center;\">For a better readability,<br \/>\nwe have eliminated<br \/>\nthe gender differentiation<br \/>\n(e.g. she, her, etc.).<\/p>\n<p>[\/vc_column_text][\/vc_column][\/vc_row]<\/p>\n","protected":false},"excerpt":{"rendered":"<p>[vc_row][vc_column][vc_column_text] Imprint LSP Holding OG Zollergasse 2\/38, 1070 Wien T +43 1 33 66 0 22 www.leadingsearchpartners.com office@leadingsearchpartners.com Unternehmensgegenstand: Holdingfunktion Gerichtsstand Wien Owner: M &amp; P Leading Search Partners GmbH Mag. Gabriele Greimel For a better readability, we have eliminated the gender differentiation (e.g. she, her, etc.). [\/vc_column_text][\/vc_column][\/vc_row]<\/p>\n","protected":false},"author":1,"featured_media":0,"parent":0,"menu_order":10,"comment_status":"closed","ping_status":"closed","template":"","meta":{"footnotes":""},"acf":[],"yoast_head":"<!-- This site is optimized with the Yoast SEO plugin v20.6 - https:\/\/yoast.com\/wordpress\/plugins\/seo\/ -->\n<title>Imprint - Leading Search Partners<\/title>\n<meta name=\"robots\" content=\"index, follow, max-snippet:-1, max-image-preview:large, max-video-preview:-1\" \/>\n<link rel=\"canonical\" href=\"https:\/\/www.leadingsearchpartners.com\/en\/196-2\/\" \/>\n<meta property=\"og:locale\" content=\"en_US\" \/>\n<meta property=\"og:type\" content=\"article\" \/>\n<meta property=\"og:title\" content=\"Imprint - Leading Search Partners\" \/>\n<meta property=\"og:description\" content=\"[vc_row][vc_column][vc_column_text] Imprint LSP Holding OG Zollergasse 2\/38, 1070 Wien T +43 1 33 66 0 22 www.leadingsearchpartners.com office@leadingsearchpartners.com Unternehmensgegenstand: Holdingfunktion Gerichtsstand Wien Owner: M &amp; P Leading Search Partners GmbH Mag. Gabriele Greimel For a better readability, we have eliminated the gender differentiation (e.g. she, her, etc.). [\/vc_column_text][\/vc_column][\/vc_row]\" \/>\n<meta property=\"og:url\" content=\"https:\/\/www.leadingsearchpartners.com\/en\/196-2\/\" \/>\n<meta property=\"og:site_name\" content=\"Leading Search Partners\" \/>\n<meta property=\"article:modified_time\" content=\"2024-04-25T07:20:42+00:00\" \/>\n<meta name=\"twitter:card\" content=\"summary_large_image\" \/>\n<meta name=\"twitter:label1\" content=\"Est. reading time\" \/>\n\t<meta name=\"twitter:data1\" content=\"1 minute\" \/>\n<script type=\"application\/ld+json\" class=\"yoast-schema-graph\">{\"@context\":\"https:\/\/schema.org\",\"@graph\":[{\"@type\":\"WebPage\",\"@id\":\"https:\/\/www.leadingsearchpartners.com\/en\/196-2\/\",\"url\":\"https:\/\/www.leadingsearchpartners.com\/en\/196-2\/\",\"name\":\"Imprint - Leading Search Partners\",\"isPartOf\":{\"@id\":\"https:\/\/www.leadingsearchpartners.com\/#website\"},\"datePublished\":\"2016-01-14T07:32:04+00:00\",\"dateModified\":\"2024-04-25T07:20:42+00:00\",\"breadcrumb\":{\"@id\":\"https:\/\/www.leadingsearchpartners.com\/en\/196-2\/#breadcrumb\"},\"inLanguage\":\"en-US\",\"potentialAction\":[{\"@type\":\"ReadAction\",\"target\":[\"https:\/\/www.leadingsearchpartners.com\/en\/196-2\/\"]}]},{\"@type\":\"BreadcrumbList\",\"@id\":\"https:\/\/www.leadingsearchpartners.com\/en\/196-2\/#breadcrumb\",\"itemListElement\":[{\"@type\":\"ListItem\",\"position\":1,\"name\":\"Startseite\",\"item\":\"https:\/\/www.leadingsearchpartners.com\/home\/\"},{\"@type\":\"ListItem\",\"position\":2,\"name\":\"Imprint\"}]},{\"@type\":\"WebSite\",\"@id\":\"https:\/\/www.leadingsearchpartners.com\/#website\",\"url\":\"https:\/\/www.leadingsearchpartners.com\/\",\"name\":\"Leading Search Partners\",\"description\":\"Das Finden und F\u00f6rdern von Sch\u00e4tzen ist  unsere gr\u00f6\u00dfte Passion. Jeden Tag aufs Neue machen wir uns auf die Suche. Und sind so immer einen Schritt voraus.\",\"potentialAction\":[{\"@type\":\"SearchAction\",\"target\":{\"@type\":\"EntryPoint\",\"urlTemplate\":\"https:\/\/www.leadingsearchpartners.com\/?s={search_term_string}\"},\"query-input\":\"required name=search_term_string\"}],\"inLanguage\":\"en-US\"}]}<\/script>\n<!-- \/ Yoast SEO plugin. -->","yoast_head_json":{"title":"Imprint - Leading Search Partners","robots":{"index":"index","follow":"follow","max-snippet":"max-snippet:-1","max-image-preview":"max-image-preview:large","max-video-preview":"max-video-preview:-1"},"canonical":"https:\/\/www.leadingsearchpartners.com\/en\/196-2\/","og_locale":"en_US","og_type":"article","og_title":"Imprint - Leading Search Partners","og_description":"[vc_row][vc_column][vc_column_text] Imprint LSP Holding OG Zollergasse 2\/38, 1070 Wien T +43 1 33 66 0 22 www.leadingsearchpartners.com office@leadingsearchpartners.com Unternehmensgegenstand: Holdingfunktion Gerichtsstand Wien Owner: M &amp; P Leading Search Partners GmbH Mag. Gabriele Greimel For a better readability, we have eliminated the gender differentiation (e.g. she, her, etc.). [\/vc_column_text][\/vc_column][\/vc_row]","og_url":"https:\/\/www.leadingsearchpartners.com\/en\/196-2\/","og_site_name":"Leading Search Partners","article_modified_time":"2024-04-25T07:20:42+00:00","twitter_card":"summary_large_image","twitter_misc":{"Est. reading time":"1 minute"},"schema":{"@context":"https:\/\/schema.org","@graph":[{"@type":"WebPage","@id":"https:\/\/www.leadingsearchpartners.com\/en\/196-2\/","url":"https:\/\/www.leadingsearchpartners.com\/en\/196-2\/","name":"Imprint - Leading Search Partners","isPartOf":{"@id":"https:\/\/www.leadingsearchpartners.com\/#website"},"datePublished":"2016-01-14T07:32:04+00:00","dateModified":"2024-04-25T07:20:42+00:00","breadcrumb":{"@id":"https:\/\/www.leadingsearchpartners.com\/en\/196-2\/#breadcrumb"},"inLanguage":"en-US","potentialAction":[{"@type":"ReadAction","target":["https:\/\/www.leadingsearchpartners.com\/en\/196-2\/"]}]},{"@type":"BreadcrumbList","@id":"https:\/\/www.leadingsearchpartners.com\/en\/196-2\/#breadcrumb","itemListElement":[{"@type":"ListItem","position":1,"name":"Startseite","item":"https:\/\/www.leadingsearchpartners.com\/home\/"},{"@type":"ListItem","position":2,"name":"Imprint"}]},{"@type":"WebSite","@id":"https:\/\/www.leadingsearchpartners.com\/#website","url":"https:\/\/www.leadingsearchpartners.com\/","name":"Leading Search Partners","description":"Das Finden und F\u00f6rdern von Sch\u00e4tzen ist  unsere gr\u00f6\u00dfte Passion. Jeden Tag aufs Neue machen wir uns auf die Suche. Und sind so immer einen Schritt voraus.","potentialAction":[{"@type":"SearchAction","target":{"@type":"EntryPoint","urlTemplate":"https:\/\/www.leadingsearchpartners.com\/?s={search_term_string}"},"query-input":"required name=search_term_string"}],"inLanguage":"en-US"}]}},"_links":{"self":[{"href":"https:\/\/www.leadingsearchpartners.com\/en\/wp-json\/wp\/v2\/pages\/196"}],"collection":[{"href":"https:\/\/www.leadingsearchpartners.com\/en\/wp-json\/wp\/v2\/pages"}],"about":[{"href":"https:\/\/www.leadingsearchpartners.com\/en\/wp-json\/wp\/v2\/types\/page"}],"author":[{"embeddable":true,"href":"https:\/\/www.leadingsearchpartners.com\/en\/wp-json\/wp\/v2\/users\/1"}],"replies":[{"embeddable":true,"href":"https:\/\/www.leadingsearchpartners.com\/en\/wp-json\/wp\/v2\/comments?post=196"}],"version-history":[{"count":11,"href":"https:\/\/www.leadingsearchpartners.com\/en\/wp-json\/wp\/v2\/pages\/196\/revisions"}],"predecessor-version":[{"id":6343,"href":"https:\/\/www.leadingsearchpartners.com\/en\/wp-json\/wp\/v2\/pages\/196\/revisions\/6343"}],"wp:attachment":[{"href":"https:\/\/www.leadingsearchpartners.com\/en\/wp-json\/wp\/v2\/media?parent=196"}],"curies":[{"name":"wp","href":"https:\/\/api.w.org\/{rel}","templated":true}]}}