
{"id":248,"date":"2016-01-14T09:50:00","date_gmt":"2016-01-14T08:50:00","guid":{"rendered":"http:\/\/www.leadingsearchpartners.com\/en\/?page_id=248"},"modified":"2016-10-09T20:30:09","modified_gmt":"2016-10-09T18:30:09","slug":"professional-search","status":"publish","type":"page","link":"https:\/\/www.leadingsearchpartners.com\/en\/services\/professional-search\/","title":{"rendered":"Professional Search"},"content":{"rendered":"<p>[vc_row][vc_column]<div class=\"heading-row row \">\n                <div class=\"col-md-10 col-md-offset-1 col-sm-8 col-sm-offset-2\"><h1>Professional Search.<\/h1><\/div>\n                <div class=\"col-md-8 col-md-offset-2 col-sm-10 col-sm-offset-1\"><p style=\"text-align: center;\">Meticulous treasure hunters pore over<br class=\"visible-lg\"\/> every inch of their search area. We do the same with cleverly selected search strategies. An in-depth, well-planned approach to find unexpected candidates. Strictly according to plan.<\/p>\n<p style=\"text-align: center;\"><a href=\"https:\/\/www.leadingsearchpartners.com\/wp-content\/uploads\/2016\/01\/gold_miner1.png\" rel=\"lightbox\"  rel=\"attachment wp-att-141\"><img decoding=\"async\" loading=\"lazy\" class=\"alignnone size-full wp-image-141\" src=\"https:\/\/www.leadingsearchpartners.com\/wp-content\/uploads\/2016\/01\/gold_miner1.png\" alt=\"Gold Miner\" width=\"261\" height=\"297\" \/><\/a><\/p>\n<\/div><\/div>[\/vc_column][\/vc_row][vc_row][vc_column]<h1 class=\"lines\">\n                <span class=\"text-uppercase\">Specification<\/span>\n            <\/h1>[\/vc_column][\/vc_row][vc_row][vc_column]<div class=\"text-col-3\"><p><strong>The<\/strong> phrase <em>&#8216;leave no stone unturned&#8217;<\/em> fits perfectly. We demonstrate the same high level of motivation when it comes to searching for professionals. We draw out hidden candidates using a specific five-point plan.<\/p>\n<p><strong>The<\/strong> first point involves analysing in depth where exactly the expecta\u00adtions are in order to develop the best<\/p>\n<p>search strategy in combination with our own market knowledge. Point two is the research through our databases and networks accompanied by eye\u00adcatching adverts in selected media.<\/p>\n<p><strong>We<\/strong> then screen the applications and hold personal interviews with the most appropriate applicants. The customer\u00a0receives a <em>shortlist<\/em> of the remaining candidates. The fourth point is bringing together the applicants and the customer.<\/p>\n<p><strong>We<\/strong> are also happy to bring our experience into these discussions, if so desired. We also provide our support, if required, during the contract negotiations. This is the fifth and final step.<\/p>\n<\/div>[\/vc_column][\/vc_row]<\/p>\n","protected":false},"excerpt":{"rendered":"<p>[vc_row][vc_column][\/vc_column][\/vc_row][vc_row][vc_column][\/vc_column][\/vc_row][vc_row][vc_column][\/vc_column][\/vc_row]<\/p>\n","protected":false},"author":1,"featured_media":0,"parent":224,"menu_order":0,"comment_status":"closed","ping_status":"closed","template":"","meta":{"footnotes":""},"acf":[],"yoast_head":"<!-- This site is optimized with the Yoast SEO plugin v20.6 - https:\/\/yoast.com\/wordpress\/plugins\/seo\/ -->\n<title>Professional Search - Leading Search Partners<\/title>\n<meta name=\"robots\" content=\"index, follow, max-snippet:-1, max-image-preview:large, max-video-preview:-1\" \/>\n<link rel=\"canonical\" href=\"https:\/\/www.leadingsearchpartners.com\/en\/services\/professional-search\/\" \/>\n<meta property=\"og:locale\" content=\"en_US\" \/>\n<meta property=\"og:type\" content=\"article\" \/>\n<meta property=\"og:title\" content=\"Professional Search - Leading Search Partners\" \/>\n<meta property=\"og:description\" content=\"[vc_row][vc_column][\/vc_column][\/vc_row][vc_row][vc_column][\/vc_column][\/vc_row][vc_row][vc_column][\/vc_column][\/vc_row]\" \/>\n<meta property=\"og:url\" content=\"https:\/\/www.leadingsearchpartners.com\/en\/services\/professional-search\/\" \/>\n<meta property=\"og:site_name\" content=\"Leading Search Partners\" \/>\n<meta property=\"article:modified_time\" content=\"2016-10-09T18:30:09+00:00\" \/>\n<meta property=\"og:image\" content=\"https:\/\/www.leadingsearchpartners.com\/wp-content\/uploads\/2016\/01\/gold_miner1.png\" \/>\n<meta name=\"twitter:card\" content=\"summary_large_image\" \/>\n<meta name=\"twitter:label1\" content=\"Est. reading time\" \/>\n\t<meta name=\"twitter:data1\" content=\"1 minute\" \/>\n<script type=\"application\/ld+json\" class=\"yoast-schema-graph\">{\"@context\":\"https:\/\/schema.org\",\"@graph\":[{\"@type\":\"WebPage\",\"@id\":\"https:\/\/www.leadingsearchpartners.com\/en\/services\/professional-search\/\",\"url\":\"https:\/\/www.leadingsearchpartners.com\/en\/services\/professional-search\/\",\"name\":\"Professional Search - Leading Search Partners\",\"isPartOf\":{\"@id\":\"https:\/\/www.leadingsearchpartners.com\/#website\"},\"datePublished\":\"2016-01-14T08:50:00+00:00\",\"dateModified\":\"2016-10-09T18:30:09+00:00\",\"breadcrumb\":{\"@id\":\"https:\/\/www.leadingsearchpartners.com\/en\/services\/professional-search\/#breadcrumb\"},\"inLanguage\":\"en-US\",\"potentialAction\":[{\"@type\":\"ReadAction\",\"target\":[\"https:\/\/www.leadingsearchpartners.com\/en\/services\/professional-search\/\"]}]},{\"@type\":\"BreadcrumbList\",\"@id\":\"https:\/\/www.leadingsearchpartners.com\/en\/services\/professional-search\/#breadcrumb\",\"itemListElement\":[{\"@type\":\"ListItem\",\"position\":1,\"name\":\"Startseite\",\"item\":\"https:\/\/www.leadingsearchpartners.com\/home\/\"},{\"@type\":\"ListItem\",\"position\":2,\"name\":\"Services\",\"item\":\"https:\/\/www.leadingsearchpartners.com\/en\/services\/\"},{\"@type\":\"ListItem\",\"position\":3,\"name\":\"Professional Search\"}]},{\"@type\":\"WebSite\",\"@id\":\"https:\/\/www.leadingsearchpartners.com\/#website\",\"url\":\"https:\/\/www.leadingsearchpartners.com\/\",\"name\":\"Leading Search Partners\",\"description\":\"Das Finden und F\u00f6rdern von Sch\u00e4tzen ist  unsere gr\u00f6\u00dfte Passion. Jeden Tag aufs Neue machen wir uns auf die Suche. Und sind so immer einen Schritt voraus.\",\"potentialAction\":[{\"@type\":\"SearchAction\",\"target\":{\"@type\":\"EntryPoint\",\"urlTemplate\":\"https:\/\/www.leadingsearchpartners.com\/?s={search_term_string}\"},\"query-input\":\"required name=search_term_string\"}],\"inLanguage\":\"en-US\"}]}<\/script>\n<!-- \/ Yoast SEO plugin. -->","yoast_head_json":{"title":"Professional Search - Leading Search Partners","robots":{"index":"index","follow":"follow","max-snippet":"max-snippet:-1","max-image-preview":"max-image-preview:large","max-video-preview":"max-video-preview:-1"},"canonical":"https:\/\/www.leadingsearchpartners.com\/en\/services\/professional-search\/","og_locale":"en_US","og_type":"article","og_title":"Professional Search - Leading Search Partners","og_description":"[vc_row][vc_column][\/vc_column][\/vc_row][vc_row][vc_column][\/vc_column][\/vc_row][vc_row][vc_column][\/vc_column][\/vc_row]","og_url":"https:\/\/www.leadingsearchpartners.com\/en\/services\/professional-search\/","og_site_name":"Leading Search Partners","article_modified_time":"2016-10-09T18:30:09+00:00","og_image":[{"url":"https:\/\/www.leadingsearchpartners.com\/wp-content\/uploads\/2016\/01\/gold_miner1.png"}],"twitter_card":"summary_large_image","twitter_misc":{"Est. reading time":"1 minute"},"schema":{"@context":"https:\/\/schema.org","@graph":[{"@type":"WebPage","@id":"https:\/\/www.leadingsearchpartners.com\/en\/services\/professional-search\/","url":"https:\/\/www.leadingsearchpartners.com\/en\/services\/professional-search\/","name":"Professional Search - Leading Search Partners","isPartOf":{"@id":"https:\/\/www.leadingsearchpartners.com\/#website"},"datePublished":"2016-01-14T08:50:00+00:00","dateModified":"2016-10-09T18:30:09+00:00","breadcrumb":{"@id":"https:\/\/www.leadingsearchpartners.com\/en\/services\/professional-search\/#breadcrumb"},"inLanguage":"en-US","potentialAction":[{"@type":"ReadAction","target":["https:\/\/www.leadingsearchpartners.com\/en\/services\/professional-search\/"]}]},{"@type":"BreadcrumbList","@id":"https:\/\/www.leadingsearchpartners.com\/en\/services\/professional-search\/#breadcrumb","itemListElement":[{"@type":"ListItem","position":1,"name":"Startseite","item":"https:\/\/www.leadingsearchpartners.com\/home\/"},{"@type":"ListItem","position":2,"name":"Services","item":"https:\/\/www.leadingsearchpartners.com\/en\/services\/"},{"@type":"ListItem","position":3,"name":"Professional Search"}]},{"@type":"WebSite","@id":"https:\/\/www.leadingsearchpartners.com\/#website","url":"https:\/\/www.leadingsearchpartners.com\/","name":"Leading Search Partners","description":"Das Finden und F\u00f6rdern von Sch\u00e4tzen ist  unsere gr\u00f6\u00dfte Passion. Jeden Tag aufs Neue machen wir uns auf die Suche. Und sind so immer einen Schritt voraus.","potentialAction":[{"@type":"SearchAction","target":{"@type":"EntryPoint","urlTemplate":"https:\/\/www.leadingsearchpartners.com\/?s={search_term_string}"},"query-input":"required name=search_term_string"}],"inLanguage":"en-US"}]}},"_links":{"self":[{"href":"https:\/\/www.leadingsearchpartners.com\/en\/wp-json\/wp\/v2\/pages\/248"}],"collection":[{"href":"https:\/\/www.leadingsearchpartners.com\/en\/wp-json\/wp\/v2\/pages"}],"about":[{"href":"https:\/\/www.leadingsearchpartners.com\/en\/wp-json\/wp\/v2\/types\/page"}],"author":[{"embeddable":true,"href":"https:\/\/www.leadingsearchpartners.com\/en\/wp-json\/wp\/v2\/users\/1"}],"replies":[{"embeddable":true,"href":"https:\/\/www.leadingsearchpartners.com\/en\/wp-json\/wp\/v2\/comments?post=248"}],"version-history":[{"count":15,"href":"https:\/\/www.leadingsearchpartners.com\/en\/wp-json\/wp\/v2\/pages\/248\/revisions"}],"predecessor-version":[{"id":3917,"href":"https:\/\/www.leadingsearchpartners.com\/en\/wp-json\/wp\/v2\/pages\/248\/revisions\/3917"}],"up":[{"embeddable":true,"href":"https:\/\/www.leadingsearchpartners.com\/en\/wp-json\/wp\/v2\/pages\/224"}],"wp:attachment":[{"href":"https:\/\/www.leadingsearchpartners.com\/en\/wp-json\/wp\/v2\/media?parent=248"}],"curies":[{"name":"wp","href":"https:\/\/api.w.org\/{rel}","templated":true}]}}