
{"id":260,"date":"2016-01-14T10:05:25","date_gmt":"2016-01-14T09:05:25","guid":{"rendered":"http:\/\/www.leadingsearchpartners.com\/en\/?page_id=260"},"modified":"2016-10-09T20:52:11","modified_gmt":"2016-10-09T18:52:11","slug":"who-we-are","status":"publish","type":"page","link":"https:\/\/www.leadingsearchpartners.com\/en\/who-we-are\/","title":{"rendered":"Who we are"},"content":{"rendered":"<p>[vc_row][vc_column]<div class=\"heading-row row \">\n                <div class=\"col-md-10 col-md-offset-1 col-sm-8 col-sm-offset-2\"><h1>We are a team of pearl divers, gold diggers and treasure hunters.<\/h1><\/div>\n                <div class=\"col-md-8 col-md-offset-2 col-sm-10 col-sm-offset-1\"><p style=\"text-align: center;\">The vast wealth of experience that each of us possesses<br class=\"visible-lg\"\/> is what brought us together. We now offer this unique combination of passion and professionalism as a competitive service product that provides our customers with top-class services which are only possible thanks to unrivalled meticulousness and by exploiting every last ounce of our combined knowledge. We are treasure hunters in every<br class=\"visible-lg\" \/> sense of the word.<\/p>\n<\/div><\/div>[\/vc_column][\/vc_row][vc_row][vc_column]<h1 class=\"lines\">\n                <span class=\"text-uppercase\">Leading Search Partners<\/span>\n            <\/h1>[\/vc_column][\/vc_row][vc_row][vc_column]<div class=\"text-col-3\"><p><strong>Having<\/strong> come together because each individual and the diversity of experi\u00adence represents a true factor for success.<\/p>\n<p><strong>Convinced<\/strong> that we can provide the best high-quality services for our customers, candidates and ourselves as a team. We have set sail and now we are going to prove ourselves.<\/p>\n<p><strong>Constantly<\/strong> searching for new talents every day<em>, <\/em>meaning we are <em>always one step ahead<\/em>.<\/p>\n<p>&nbsp;<\/p>\n<\/div>[\/vc_column][\/vc_row][vc_row css=&#8221;.vc_custom_1452776901991{margin-top: 50px !important;}&#8221;][vc_column]<h1 class=\"lines\">\n                <span class=\"text-uppercase\">More about Leading Search Partners<\/span>\n            <\/h1>[\/vc_column][\/vc_row][vc_row][vc_column width=&#8221;1\/3&#8243;]\n        <div class=\"about-box text-center\">\n            <div class=\"about-box-content\"><h2>What you<br \/>\ncan rely<br \/>\non<\/h2>\n<p class=\"font-sansserif special-lineheight\" style=\"text-align: center;\"><strong>OPENNESS<\/strong><br \/>\n<strong>FAIR PLAY<\/strong><br \/>\n<strong>TRUST<\/strong><br \/>\n<strong>APPRECIATION<\/strong><br \/>\n<strong>OPEN-MINDEDNESS<\/strong><br \/>\n<strong>TEAM SPIRIT<\/strong><\/p>\n<\/div>\n            <div class=\"about-box-stop\"><\/div>\n        <\/div>\n        [\/vc_column][vc_column width=&#8221;1\/3&#8243;]\n        <div class=\"about-box text-center\">\n            <div class=\"about-box-content\"><h2>Country Expertise<\/h2>\n<p><a href=\"https:\/\/www.leadingsearchpartners.com\/wp-content\/uploads\/2016\/01\/globus.png\" rel=\"lightbox\"  rel=\"attachment wp-att-175\"><img decoding=\"async\" loading=\"lazy\" class=\"alignnone size-full wp-image-175 aligncenter\" src=\"https:\/\/www.leadingsearchpartners.com\/wp-content\/uploads\/2016\/01\/globus.png\" alt=\"Globus\" width=\"130\" height=\"156\" \/><\/a><\/p>\n<p style=\"text-align: center;\">&gt; more<\/p>\n<\/div>\n            <div class=\"about-box-stop\"><\/div>\n        <\/div>\n        [\/vc_column][vc_column width=&#8221;1\/3&#8243;]\n        <div class=\"about-box text-center\">\n            <div class=\"about-box-content\"><h2>Our<br \/>\nWealth of<br \/>\nExperience<\/h2>\n<p style=\"text-align: center;\">more than <strong>100 years<\/strong><br \/>\nof operational experience<br \/>\nreal partnerships<br \/>\nhigh quality standards<br \/>\n<strong>self-reflection.<\/strong><\/p>\n<\/div>\n            <div class=\"about-box-stop\"><\/div>\n        <\/div>\n        [\/vc_column][\/vc_row]<\/p>\n","protected":false},"excerpt":{"rendered":"<p>[vc_row][vc_column][\/vc_column][\/vc_row][vc_row][vc_column][\/vc_column][\/vc_row][vc_row][vc_column][\/vc_column][\/vc_row][vc_row css=&#8221;.vc_custom_1452776901991{margin-top: 50px !important;}&#8221;][vc_column][\/vc_column][\/vc_row][vc_row][vc_column width=&#8221;1\/3&#8243;][\/vc_column][vc_column width=&#8221;1\/3&#8243;][\/vc_column][vc_column width=&#8221;1\/3&#8243;][\/vc_column][\/vc_row]<\/p>\n","protected":false},"author":1,"featured_media":0,"parent":0,"menu_order":4,"comment_status":"closed","ping_status":"closed","template":"","meta":{"footnotes":""},"acf":[],"yoast_head":"<!-- This site is optimized with the Yoast SEO plugin v20.6 - https:\/\/yoast.com\/wordpress\/plugins\/seo\/ -->\n<title>Who we are - Leading Search Partners<\/title>\n<meta name=\"robots\" content=\"index, follow, max-snippet:-1, max-image-preview:large, max-video-preview:-1\" \/>\n<link rel=\"canonical\" href=\"https:\/\/www.leadingsearchpartners.com\/en\/who-we-are\/\" \/>\n<meta property=\"og:locale\" content=\"en_US\" \/>\n<meta property=\"og:type\" content=\"article\" \/>\n<meta property=\"og:title\" content=\"Who we are - Leading Search Partners\" \/>\n<meta property=\"og:description\" content=\"[vc_row][vc_column][\/vc_column][\/vc_row][vc_row][vc_column][\/vc_column][\/vc_row][vc_row][vc_column][\/vc_column][\/vc_row][vc_row css=&#8221;.vc_custom_1452776901991{margin-top: 50px !important;}&#8221;][vc_column][\/vc_column][\/vc_row][vc_row][vc_column width=&#8221;1\/3&#8243;][\/vc_column][vc_column width=&#8221;1\/3&#8243;][\/vc_column][vc_column width=&#8221;1\/3&#8243;][\/vc_column][\/vc_row]\" \/>\n<meta property=\"og:url\" content=\"https:\/\/www.leadingsearchpartners.com\/en\/who-we-are\/\" \/>\n<meta property=\"og:site_name\" content=\"Leading Search Partners\" \/>\n<meta property=\"article:modified_time\" content=\"2016-10-09T18:52:11+00:00\" \/>\n<meta property=\"og:image\" content=\"https:\/\/www.leadingsearchpartners.com\/wp-content\/uploads\/2016\/01\/globus.png\" \/>\n<meta name=\"twitter:card\" content=\"summary_large_image\" \/>\n<meta name=\"twitter:label1\" content=\"Est. reading time\" \/>\n\t<meta name=\"twitter:data1\" content=\"1 minute\" \/>\n<script type=\"application\/ld+json\" class=\"yoast-schema-graph\">{\"@context\":\"https:\/\/schema.org\",\"@graph\":[{\"@type\":\"WebPage\",\"@id\":\"https:\/\/www.leadingsearchpartners.com\/en\/who-we-are\/\",\"url\":\"https:\/\/www.leadingsearchpartners.com\/en\/who-we-are\/\",\"name\":\"Who we are - Leading Search Partners\",\"isPartOf\":{\"@id\":\"https:\/\/www.leadingsearchpartners.com\/#website\"},\"datePublished\":\"2016-01-14T09:05:25+00:00\",\"dateModified\":\"2016-10-09T18:52:11+00:00\",\"breadcrumb\":{\"@id\":\"https:\/\/www.leadingsearchpartners.com\/en\/who-we-are\/#breadcrumb\"},\"inLanguage\":\"en-US\",\"potentialAction\":[{\"@type\":\"ReadAction\",\"target\":[\"https:\/\/www.leadingsearchpartners.com\/en\/who-we-are\/\"]}]},{\"@type\":\"BreadcrumbList\",\"@id\":\"https:\/\/www.leadingsearchpartners.com\/en\/who-we-are\/#breadcrumb\",\"itemListElement\":[{\"@type\":\"ListItem\",\"position\":1,\"name\":\"Startseite\",\"item\":\"https:\/\/www.leadingsearchpartners.com\/home\/\"},{\"@type\":\"ListItem\",\"position\":2,\"name\":\"Who we are\"}]},{\"@type\":\"WebSite\",\"@id\":\"https:\/\/www.leadingsearchpartners.com\/#website\",\"url\":\"https:\/\/www.leadingsearchpartners.com\/\",\"name\":\"Leading Search Partners\",\"description\":\"Das Finden und F\u00f6rdern von Sch\u00e4tzen ist  unsere gr\u00f6\u00dfte Passion. Jeden Tag aufs Neue machen wir uns auf die Suche. Und sind so immer einen Schritt voraus.\",\"potentialAction\":[{\"@type\":\"SearchAction\",\"target\":{\"@type\":\"EntryPoint\",\"urlTemplate\":\"https:\/\/www.leadingsearchpartners.com\/?s={search_term_string}\"},\"query-input\":\"required name=search_term_string\"}],\"inLanguage\":\"en-US\"}]}<\/script>\n<!-- \/ Yoast SEO plugin. -->","yoast_head_json":{"title":"Who we are - Leading Search Partners","robots":{"index":"index","follow":"follow","max-snippet":"max-snippet:-1","max-image-preview":"max-image-preview:large","max-video-preview":"max-video-preview:-1"},"canonical":"https:\/\/www.leadingsearchpartners.com\/en\/who-we-are\/","og_locale":"en_US","og_type":"article","og_title":"Who we are - Leading Search Partners","og_description":"[vc_row][vc_column][\/vc_column][\/vc_row][vc_row][vc_column][\/vc_column][\/vc_row][vc_row][vc_column][\/vc_column][\/vc_row][vc_row css=&#8221;.vc_custom_1452776901991{margin-top: 50px !important;}&#8221;][vc_column][\/vc_column][\/vc_row][vc_row][vc_column width=&#8221;1\/3&#8243;][\/vc_column][vc_column width=&#8221;1\/3&#8243;][\/vc_column][vc_column width=&#8221;1\/3&#8243;][\/vc_column][\/vc_row]","og_url":"https:\/\/www.leadingsearchpartners.com\/en\/who-we-are\/","og_site_name":"Leading Search Partners","article_modified_time":"2016-10-09T18:52:11+00:00","og_image":[{"url":"https:\/\/www.leadingsearchpartners.com\/wp-content\/uploads\/2016\/01\/globus.png"}],"twitter_card":"summary_large_image","twitter_misc":{"Est. reading time":"1 minute"},"schema":{"@context":"https:\/\/schema.org","@graph":[{"@type":"WebPage","@id":"https:\/\/www.leadingsearchpartners.com\/en\/who-we-are\/","url":"https:\/\/www.leadingsearchpartners.com\/en\/who-we-are\/","name":"Who we are - Leading Search Partners","isPartOf":{"@id":"https:\/\/www.leadingsearchpartners.com\/#website"},"datePublished":"2016-01-14T09:05:25+00:00","dateModified":"2016-10-09T18:52:11+00:00","breadcrumb":{"@id":"https:\/\/www.leadingsearchpartners.com\/en\/who-we-are\/#breadcrumb"},"inLanguage":"en-US","potentialAction":[{"@type":"ReadAction","target":["https:\/\/www.leadingsearchpartners.com\/en\/who-we-are\/"]}]},{"@type":"BreadcrumbList","@id":"https:\/\/www.leadingsearchpartners.com\/en\/who-we-are\/#breadcrumb","itemListElement":[{"@type":"ListItem","position":1,"name":"Startseite","item":"https:\/\/www.leadingsearchpartners.com\/home\/"},{"@type":"ListItem","position":2,"name":"Who we are"}]},{"@type":"WebSite","@id":"https:\/\/www.leadingsearchpartners.com\/#website","url":"https:\/\/www.leadingsearchpartners.com\/","name":"Leading Search Partners","description":"Das Finden und F\u00f6rdern von Sch\u00e4tzen ist  unsere gr\u00f6\u00dfte Passion. Jeden Tag aufs Neue machen wir uns auf die Suche. Und sind so immer einen Schritt voraus.","potentialAction":[{"@type":"SearchAction","target":{"@type":"EntryPoint","urlTemplate":"https:\/\/www.leadingsearchpartners.com\/?s={search_term_string}"},"query-input":"required name=search_term_string"}],"inLanguage":"en-US"}]}},"_links":{"self":[{"href":"https:\/\/www.leadingsearchpartners.com\/en\/wp-json\/wp\/v2\/pages\/260"}],"collection":[{"href":"https:\/\/www.leadingsearchpartners.com\/en\/wp-json\/wp\/v2\/pages"}],"about":[{"href":"https:\/\/www.leadingsearchpartners.com\/en\/wp-json\/wp\/v2\/types\/page"}],"author":[{"embeddable":true,"href":"https:\/\/www.leadingsearchpartners.com\/en\/wp-json\/wp\/v2\/users\/1"}],"replies":[{"embeddable":true,"href":"https:\/\/www.leadingsearchpartners.com\/en\/wp-json\/wp\/v2\/comments?post=260"}],"version-history":[{"count":34,"href":"https:\/\/www.leadingsearchpartners.com\/en\/wp-json\/wp\/v2\/pages\/260\/revisions"}],"predecessor-version":[{"id":3923,"href":"https:\/\/www.leadingsearchpartners.com\/en\/wp-json\/wp\/v2\/pages\/260\/revisions\/3923"}],"wp:attachment":[{"href":"https:\/\/www.leadingsearchpartners.com\/en\/wp-json\/wp\/v2\/media?parent=260"}],"curies":[{"name":"wp","href":"https:\/\/api.w.org\/{rel}","templated":true}]}}