
{"id":271,"date":"2016-01-14T10:21:46","date_gmt":"2016-01-14T09:21:46","guid":{"rendered":"http:\/\/www.leadingsearchpartners.com\/en\/?page_id=271"},"modified":"2016-05-17T23:53:40","modified_gmt":"2016-05-17T21:53:40","slug":"how-we-got-started","status":"publish","type":"page","link":"https:\/\/www.leadingsearchpartners.com\/en\/who-we-are\/how-we-got-started\/","title":{"rendered":"How we got started"},"content":{"rendered":"<p>[vc_row][vc_column]<div class=\"heading-row row \">\n                <div class=\"col-md-10 col-md-offset-1 col-sm-8 col-sm-offset-2\"><h1>How we got started.<\/h1><\/div>\n                <div class=\"col-md-8 col-md-offset-2 col-sm-10 col-sm-offset-1\"><p style=\"text-align: center;\">Six experienced consultants with a success story of more than <em>100 years<\/em> are now breaking new ground as<br \/>\nLeading Search Partners. Quality-driven.<\/p>\n<p><a href=\"https:\/\/www.leadingsearchpartners.com\/wp-content\/uploads\/2016\/01\/trueffelschwein.png\" rel=\"lightbox\"  rel=\"attachment wp-att-148\"><img decoding=\"async\" loading=\"lazy\" class=\"aligncenter wp-image-148 size-full\" src=\"https:\/\/www.leadingsearchpartners.com\/wp-content\/uploads\/2016\/01\/trueffelschwein.png\" alt=\"Truffle pig\" width=\"216\" height=\"135\" \/><\/a><\/p>\n<\/div><\/div>[\/vc_column][\/vc_row][vc_row][vc_column]<h1 class=\"lines\">\n                <span class=\"text-uppercase\">Where we come from<\/span>\n            <\/h1>[\/vc_column][\/vc_row][vc_row][vc_column]<div class=\"text-col-3\"><p><strong>In<\/strong> intensive dialogues with compa&shy;nies, led by the aspiration to work more thoroughly, more personally and to set trends.<\/p>\n<p><strong>As<\/strong> a partner we create and maintain long-term relationships with custo&shy;mers and candidates.<\/p>\n<p><strong>To<\/strong> always be one step ahead. We stake our claim on the future.<br class=\"visible-lg\" \/><br class=\"visible-lg\" \/><br class=\"visible-lg\" \/><\/p>\n<\/div>[\/vc_column][\/vc_row][vc_row][vc_column]<h1 class=\"lines\">\n                <span class=\"text-uppercase\">More about Leading Search Partners<\/span>\n            <\/h1>[\/vc_column][\/vc_row][vc_row][vc_column width=&#8221;1\/3&#8243;]\n        <div class=\"about-box text-center\">\n            <h1>Our Wealth of Experience<\/h1>\n            <div class=\"about-box-content\"><p style=\"text-align: center;\">more than <strong>100 years<\/strong><br \/>\nof operational experience<br \/>\nreal partnerships<br \/>\nhigh quality standards<br \/>\n<strong>self-reflection.<\/strong><\/p>\n<\/div>\n            <div class=\"about-box-stop\"><\/div>\n        <\/div>\n        [\/vc_column][vc_column width=&#8221;1\/3&#8243;]\n           <div class=\"about-box text-center\">\n            <h1>Our Services<\/h1>\n            <div class=\"about-box-content\"><p><a href=\"https:\/\/www.leadingsearchpartners.com\/wp-content\/uploads\/2016\/01\/unsere_leistungen.png\" rel=\"lightbox\"  rel=\"attachment wp-att-185\"><img decoding=\"async\" loading=\"lazy\" class=\"aligncenter wp-image-185 size-full\" src=\"https:\/\/www.leadingsearchpartners.com\/wp-content\/uploads\/2016\/01\/unsere_leistungen.png\" alt=\"Our Services\" width=\"175\" height=\"167\" \/><\/a><\/p>\n<\/div>\n            <div class=\"about-box-link\"><a href=\"http:\/\/leadingsearchpartners.com\/en\/services\/\" title=\"\">> Mehr anzeigen<\/a><\/div>\n        <\/div>\n        [\/vc_column][vc_column width=&#8221;1\/3&#8243;]\n        <div class=\"about-box text-center\">\n            <h1>Principle of finding the best<\/h1>\n            <div class=\"about-box-content\"><p style=\"text-align: center;\">We are not just looking<br \/>\nfor <em>anyone<\/em>.<br \/>\nWe are looking for <em>the<\/em> one.<br \/>\nThe best man or woman<br \/>\nfor the job.<\/p>\n<\/div>\n            <div class=\"about-box-stop\"><\/div>\n        <\/div>\n        [\/vc_column][\/vc_row]<\/p>\n","protected":false},"excerpt":{"rendered":"<p>[vc_row][vc_column][\/vc_column][\/vc_row][vc_row][vc_column][\/vc_column][\/vc_row][vc_row][vc_column][\/vc_column][\/vc_row][vc_row][vc_column][\/vc_column][\/vc_row][vc_row][vc_column width=&#8221;1\/3&#8243;][\/vc_column][vc_column width=&#8221;1\/3&#8243;][\/vc_column][vc_column width=&#8221;1\/3&#8243;][\/vc_column][\/vc_row]<\/p>\n","protected":false},"author":1,"featured_media":0,"parent":260,"menu_order":0,"comment_status":"closed","ping_status":"closed","template":"","meta":{"footnotes":""},"acf":[],"yoast_head":"<!-- This site is optimized with the Yoast SEO plugin v20.6 - https:\/\/yoast.com\/wordpress\/plugins\/seo\/ -->\n<title>How we got started - Leading Search Partners<\/title>\n<meta name=\"robots\" content=\"index, follow, max-snippet:-1, max-image-preview:large, max-video-preview:-1\" \/>\n<link rel=\"canonical\" href=\"https:\/\/www.leadingsearchpartners.com\/en\/who-we-are\/how-we-got-started\/\" \/>\n<meta property=\"og:locale\" content=\"en_US\" \/>\n<meta property=\"og:type\" content=\"article\" \/>\n<meta property=\"og:title\" content=\"How we got started - Leading Search Partners\" \/>\n<meta property=\"og:description\" content=\"[vc_row][vc_column][\/vc_column][\/vc_row][vc_row][vc_column][\/vc_column][\/vc_row][vc_row][vc_column][\/vc_column][\/vc_row][vc_row][vc_column][\/vc_column][\/vc_row][vc_row][vc_column width=&#8221;1\/3&#8243;][\/vc_column][vc_column width=&#8221;1\/3&#8243;][\/vc_column][vc_column width=&#8221;1\/3&#8243;][\/vc_column][\/vc_row]\" \/>\n<meta property=\"og:url\" content=\"https:\/\/www.leadingsearchpartners.com\/en\/who-we-are\/how-we-got-started\/\" \/>\n<meta property=\"og:site_name\" content=\"Leading Search Partners\" \/>\n<meta property=\"article:modified_time\" content=\"2016-05-17T21:53:40+00:00\" \/>\n<meta property=\"og:image\" content=\"https:\/\/www.leadingsearchpartners.com\/wp-content\/uploads\/2016\/01\/trueffelschwein.png\" \/>\n<meta name=\"twitter:card\" content=\"summary_large_image\" \/>\n<meta name=\"twitter:label1\" content=\"Est. reading time\" \/>\n\t<meta name=\"twitter:data1\" content=\"1 minute\" \/>\n<script type=\"application\/ld+json\" class=\"yoast-schema-graph\">{\"@context\":\"https:\/\/schema.org\",\"@graph\":[{\"@type\":\"WebPage\",\"@id\":\"https:\/\/www.leadingsearchpartners.com\/en\/who-we-are\/how-we-got-started\/\",\"url\":\"https:\/\/www.leadingsearchpartners.com\/en\/who-we-are\/how-we-got-started\/\",\"name\":\"How we got started - Leading Search Partners\",\"isPartOf\":{\"@id\":\"https:\/\/www.leadingsearchpartners.com\/#website\"},\"datePublished\":\"2016-01-14T09:21:46+00:00\",\"dateModified\":\"2016-05-17T21:53:40+00:00\",\"breadcrumb\":{\"@id\":\"https:\/\/www.leadingsearchpartners.com\/en\/who-we-are\/how-we-got-started\/#breadcrumb\"},\"inLanguage\":\"en-US\",\"potentialAction\":[{\"@type\":\"ReadAction\",\"target\":[\"https:\/\/www.leadingsearchpartners.com\/en\/who-we-are\/how-we-got-started\/\"]}]},{\"@type\":\"BreadcrumbList\",\"@id\":\"https:\/\/www.leadingsearchpartners.com\/en\/who-we-are\/how-we-got-started\/#breadcrumb\",\"itemListElement\":[{\"@type\":\"ListItem\",\"position\":1,\"name\":\"Startseite\",\"item\":\"https:\/\/www.leadingsearchpartners.com\/home\/\"},{\"@type\":\"ListItem\",\"position\":2,\"name\":\"Who we are\",\"item\":\"https:\/\/www.leadingsearchpartners.com\/en\/who-we-are\/\"},{\"@type\":\"ListItem\",\"position\":3,\"name\":\"How we got started\"}]},{\"@type\":\"WebSite\",\"@id\":\"https:\/\/www.leadingsearchpartners.com\/#website\",\"url\":\"https:\/\/www.leadingsearchpartners.com\/\",\"name\":\"Leading Search Partners\",\"description\":\"Das Finden und F\u00f6rdern von Sch\u00e4tzen ist  unsere gr\u00f6\u00dfte Passion. Jeden Tag aufs Neue machen wir uns auf die Suche. Und sind so immer einen Schritt voraus.\",\"potentialAction\":[{\"@type\":\"SearchAction\",\"target\":{\"@type\":\"EntryPoint\",\"urlTemplate\":\"https:\/\/www.leadingsearchpartners.com\/?s={search_term_string}\"},\"query-input\":\"required name=search_term_string\"}],\"inLanguage\":\"en-US\"}]}<\/script>\n<!-- \/ Yoast SEO plugin. -->","yoast_head_json":{"title":"How we got started - Leading Search Partners","robots":{"index":"index","follow":"follow","max-snippet":"max-snippet:-1","max-image-preview":"max-image-preview:large","max-video-preview":"max-video-preview:-1"},"canonical":"https:\/\/www.leadingsearchpartners.com\/en\/who-we-are\/how-we-got-started\/","og_locale":"en_US","og_type":"article","og_title":"How we got started - Leading Search Partners","og_description":"[vc_row][vc_column][\/vc_column][\/vc_row][vc_row][vc_column][\/vc_column][\/vc_row][vc_row][vc_column][\/vc_column][\/vc_row][vc_row][vc_column][\/vc_column][\/vc_row][vc_row][vc_column width=&#8221;1\/3&#8243;][\/vc_column][vc_column width=&#8221;1\/3&#8243;][\/vc_column][vc_column width=&#8221;1\/3&#8243;][\/vc_column][\/vc_row]","og_url":"https:\/\/www.leadingsearchpartners.com\/en\/who-we-are\/how-we-got-started\/","og_site_name":"Leading Search Partners","article_modified_time":"2016-05-17T21:53:40+00:00","og_image":[{"url":"https:\/\/www.leadingsearchpartners.com\/wp-content\/uploads\/2016\/01\/trueffelschwein.png"}],"twitter_card":"summary_large_image","twitter_misc":{"Est. reading time":"1 minute"},"schema":{"@context":"https:\/\/schema.org","@graph":[{"@type":"WebPage","@id":"https:\/\/www.leadingsearchpartners.com\/en\/who-we-are\/how-we-got-started\/","url":"https:\/\/www.leadingsearchpartners.com\/en\/who-we-are\/how-we-got-started\/","name":"How we got started - Leading Search Partners","isPartOf":{"@id":"https:\/\/www.leadingsearchpartners.com\/#website"},"datePublished":"2016-01-14T09:21:46+00:00","dateModified":"2016-05-17T21:53:40+00:00","breadcrumb":{"@id":"https:\/\/www.leadingsearchpartners.com\/en\/who-we-are\/how-we-got-started\/#breadcrumb"},"inLanguage":"en-US","potentialAction":[{"@type":"ReadAction","target":["https:\/\/www.leadingsearchpartners.com\/en\/who-we-are\/how-we-got-started\/"]}]},{"@type":"BreadcrumbList","@id":"https:\/\/www.leadingsearchpartners.com\/en\/who-we-are\/how-we-got-started\/#breadcrumb","itemListElement":[{"@type":"ListItem","position":1,"name":"Startseite","item":"https:\/\/www.leadingsearchpartners.com\/home\/"},{"@type":"ListItem","position":2,"name":"Who we are","item":"https:\/\/www.leadingsearchpartners.com\/en\/who-we-are\/"},{"@type":"ListItem","position":3,"name":"How we got started"}]},{"@type":"WebSite","@id":"https:\/\/www.leadingsearchpartners.com\/#website","url":"https:\/\/www.leadingsearchpartners.com\/","name":"Leading Search Partners","description":"Das Finden und F\u00f6rdern von Sch\u00e4tzen ist  unsere gr\u00f6\u00dfte Passion. Jeden Tag aufs Neue machen wir uns auf die Suche. Und sind so immer einen Schritt voraus.","potentialAction":[{"@type":"SearchAction","target":{"@type":"EntryPoint","urlTemplate":"https:\/\/www.leadingsearchpartners.com\/?s={search_term_string}"},"query-input":"required name=search_term_string"}],"inLanguage":"en-US"}]}},"_links":{"self":[{"href":"https:\/\/www.leadingsearchpartners.com\/en\/wp-json\/wp\/v2\/pages\/271"}],"collection":[{"href":"https:\/\/www.leadingsearchpartners.com\/en\/wp-json\/wp\/v2\/pages"}],"about":[{"href":"https:\/\/www.leadingsearchpartners.com\/en\/wp-json\/wp\/v2\/types\/page"}],"author":[{"embeddable":true,"href":"https:\/\/www.leadingsearchpartners.com\/en\/wp-json\/wp\/v2\/users\/1"}],"replies":[{"embeddable":true,"href":"https:\/\/www.leadingsearchpartners.com\/en\/wp-json\/wp\/v2\/comments?post=271"}],"version-history":[{"count":10,"href":"https:\/\/www.leadingsearchpartners.com\/en\/wp-json\/wp\/v2\/pages\/271\/revisions"}],"predecessor-version":[{"id":695,"href":"https:\/\/www.leadingsearchpartners.com\/en\/wp-json\/wp\/v2\/pages\/271\/revisions\/695"}],"up":[{"embeddable":true,"href":"https:\/\/www.leadingsearchpartners.com\/en\/wp-json\/wp\/v2\/pages\/260"}],"wp:attachment":[{"href":"https:\/\/www.leadingsearchpartners.com\/en\/wp-json\/wp\/v2\/media?parent=271"}],"curies":[{"name":"wp","href":"https:\/\/api.w.org\/{rel}","templated":true}]}}