
{"id":278,"date":"2016-01-14T10:33:52","date_gmt":"2016-01-14T09:33:52","guid":{"rendered":"http:\/\/www.leadingsearchpartners.com\/en\/?page_id=278"},"modified":"2021-02-18T13:48:14","modified_gmt":"2021-02-18T12:48:14","slug":"country-expertise","status":"publish","type":"page","link":"https:\/\/www.leadingsearchpartners.com\/en\/who-we-are\/country-expertise\/","title":{"rendered":"Country Expertise"},"content":{"rendered":"<p>[vc_row][vc_column]<div class=\"heading-row row \">\n                <div class=\"col-md-10 col-md-offset-1 col-sm-8 col-sm-offset-2\"><h1>Our expertise knows no bounds.<\/h1><\/div>\n                <div class=\"col-md-8 col-md-offset-2 col-sm-10 col-sm-offset-1\"><p style=\"text-align: center;\">Leading Search Partners commend themselves by successful projects in 16 countries for a variety of customers and industries across Central and Eastern Europe.<br \/>\nThese are marked on our experience map.<\/p>\n<\/div><\/div>[\/vc_column][\/vc_row][vc_row][vc_column][vc_column_text]<img decoding=\"async\" src=\"https:\/\/www.leadingsearchpartners.com\/wp-content\/uploads\/2020\/08\/lsp_landkarte_pluschinabucharest-EN-Kombi-small.jpg\" class=\"aligncenter size-large wp-image-729\" \/><\/p>\n<p>[\/vc_column_text][\/vc_column][\/vc_row][vc_row][vc_column]<h1 class=\"lines\">\n                <span class=\"text-uppercase\">Reference projects<\/span>\n            <\/h1><div class=\"logos\" data-more=\"Show more\" data-less=\"Show less\">\n                <div class=\"logos-grid\">\n                    <div class=\"row\"><div class=\"col-lg-2 col-md-3 col-xs-4 logo-item \" data-count=\"1\"><a href=\"https:\/\/www.vogelundnoot.com\/at\/\" target=\"_blank\"><img src=\"https:\/\/www.leadingsearchpartners.com\/wp-content\/uploads\/2021\/01\/Rettig.png\"><\/a><\/div><div class=\"col-lg-2 col-md-3 col-xs-4 logo-item \" data-count=\"2\"><a href=\"https:\/\/www.miba.com\/de\/\" target=\"_blank\"><img src=\"https:\/\/www.leadingsearchpartners.com\/wp-content\/uploads\/2021\/01\/Miba-1.png\"><\/a><\/div><div class=\"col-lg-2 col-md-3 col-xs-4 logo-item \" data-count=\"3\"><a href=\"https:\/\/gabriel-chemie.com\/\" target=\"_blank\"><img src=\"https:\/\/www.leadingsearchpartners.com\/wp-content\/uploads\/2021\/01\/Gabriel.png\"><\/a><\/div><div class=\"col-lg-2 col-md-3 col-xs-4 logo-item \" data-count=\"4\"><a href=\"https:\/\/www.elinmotoren.at\/\" target=\"_blank\"><img src=\"https:\/\/www.leadingsearchpartners.com\/wp-content\/uploads\/2021\/01\/Elin.png\"><\/a><\/div><div class=\"col-lg-2 col-md-3 col-xs-4 logo-item \" data-count=\"5\"><a href=\"https:\/\/www.avl.com\/?avlregion=GLOBAL&groupId=10138&lang=en_US\" target=\"_blank\"><img src=\"https:\/\/www.leadingsearchpartners.com\/wp-content\/uploads\/2021\/01\/AVL.png\"><\/a><\/div><div class=\"col-lg-2 col-md-3 col-xs-4 logo-item \" data-count=\"6\"><a href=\"https:\/\/www.agrana.com\/\" target=\"_blank\"><img src=\"https:\/\/www.leadingsearchpartners.com\/wp-content\/uploads\/2021\/02\/Agrana_NEU.png\"><\/a><\/div><div class=\"col-lg-2 col-md-3 col-xs-4 logo-item mobile-hide\" data-count=\"7\"><a href=\"https:\/\/www.andritz.com\/group-de\" target=\"_blank\"><img src=\"https:\/\/www.leadingsearchpartners.com\/wp-content\/uploads\/2021\/01\/Andritz.png\"><\/a><\/div><div class=\"col-lg-2 col-md-3 col-xs-4 logo-item mobile-hide\" data-count=\"8\"><a href=\"https:\/\/www.anger-machining.com\/\" target=\"_blank\"><img src=\"https:\/\/www.leadingsearchpartners.com\/wp-content\/uploads\/2021\/01\/Anger.png\"><\/a><\/div><div class=\"col-lg-2 col-md-3 col-xs-4 logo-item mobile-hide\" data-count=\"9\"><a href=\"https:\/\/baumit.at\/\" target=\"_blank\"><img src=\"https:\/\/www.leadingsearchpartners.com\/wp-content\/uploads\/2021\/01\/Baumit.png\"><\/a><\/div><div class=\"col-lg-2 col-md-3 col-xs-4 logo-item mobile-hide\" data-count=\"10\"><a href=\"https:\/\/bene.com\/\" target=\"_blank\"><img src=\"https:\/\/www.leadingsearchpartners.com\/wp-content\/uploads\/2021\/01\/bene.png\"><\/a><\/div><div class=\"col-lg-2 col-md-3 col-xs-4 logo-item mobile-hide\" data-count=\"11\"><a href=\"https:\/\/www.brauunion.at\/\" target=\"_blank\"><img src=\"https:\/\/www.leadingsearchpartners.com\/wp-content\/uploads\/2021\/01\/Brauunion.png\"><\/a><\/div><div class=\"col-lg-2 col-md-3 col-xs-4 logo-item mobile-hide\" data-count=\"12\"><a href=\"https:\/\/www.dssmith.com\/\" target=\"_blank\"><img src=\"https:\/\/www.leadingsearchpartners.com\/wp-content\/uploads\/2021\/01\/ds-smith.png\"><\/a><\/div><div class=\"col-lg-2 col-md-3 col-xs-4 logo-item mobile-hide desktop-hide\" data-count=\"13\"><a href=\"https:\/\/www.engelglobal.com\/de\/at\/index.html\" target=\"_blank\"><img src=\"https:\/\/www.leadingsearchpartners.com\/wp-content\/uploads\/2021\/01\/engel.png\"><\/a><\/div><div class=\"col-lg-2 col-md-3 col-xs-4 logo-item mobile-hide desktop-hide\" data-count=\"14\"><a href=\"https:\/\/www.fresenius.de\/index\" target=\"_blank\"><img src=\"https:\/\/www.leadingsearchpartners.com\/wp-content\/uploads\/2021\/01\/Fresenius.png\"><\/a><\/div><div class=\"col-lg-2 col-md-3 col-xs-4 logo-item mobile-hide desktop-hide\" data-count=\"15\"><a href=\"https:\/\/www.gg-group.com\/de\/\" target=\"_blank\"><img src=\"https:\/\/www.leadingsearchpartners.com\/wp-content\/uploads\/2021\/01\/gebauer_griller.png\"><\/a><\/div><div class=\"col-lg-2 col-md-3 col-xs-4 logo-item mobile-hide desktop-hide\" data-count=\"16\"><a href=\"http:\/\/www.greiner-aerospace.com\" target=\"_blank\"><img src=\"https:\/\/www.leadingsearchpartners.com\/wp-content\/uploads\/2021\/01\/greiner.png\"><\/a><\/div><div class=\"col-lg-2 col-md-3 col-xs-4 logo-item mobile-hide desktop-hide\" data-count=\"17\"><a href=\"http:\/\/www.mueslibar.com\/\" target=\"_blank\"><img src=\"https:\/\/www.leadingsearchpartners.com\/wp-content\/uploads\/2021\/01\/gutschermu\u0308hle.png\"><\/a><\/div><div class=\"col-lg-2 col-md-3 col-xs-4 logo-item mobile-hide desktop-hide\" data-count=\"18\"><a href=\"https:\/\/www.heinzelpaper.com\/\" target=\"_blank\"><img src=\"https:\/\/www.leadingsearchpartners.com\/wp-content\/uploads\/2021\/01\/heinzelpapier.png\"><\/a><\/div><div class=\"col-lg-2 col-md-3 col-xs-4 logo-item mobile-hide desktop-hide\" data-count=\"19\"><a href=\"https:\/\/www.hirtenberger.com\/\" target=\"_blank\"><img src=\"https:\/\/www.leadingsearchpartners.com\/wp-content\/uploads\/2021\/01\/hirtenberger.png\"><\/a><\/div><div class=\"col-lg-2 col-md-3 col-xs-4 logo-item mobile-hide desktop-hide\" data-count=\"20\"><a href=\"https:\/\/www.kellergrundbau.at\/\" target=\"_blank\"><img src=\"https:\/\/www.leadingsearchpartners.com\/wp-content\/uploads\/2021\/01\/keller.png\"><\/a><\/div><div class=\"col-lg-2 col-md-3 col-xs-4 logo-item mobile-hide desktop-hide\" data-count=\"21\"><a href=\"https:\/\/www.lenze.com\/de-at\/\" target=\"_blank\"><img src=\"https:\/\/www.leadingsearchpartners.com\/wp-content\/uploads\/2021\/01\/Lenze.png\"><\/a><\/div><div class=\"col-lg-2 col-md-3 col-xs-4 logo-item mobile-hide desktop-hide\" data-count=\"22\"><a href=\"http:\/\/www.marzek.at\/\" target=\"_blank\"><img src=\"https:\/\/www.leadingsearchpartners.com\/wp-content\/uploads\/2021\/01\/marzek.png\"><\/a><\/div><div class=\"col-lg-2 col-md-3 col-xs-4 logo-item mobile-hide desktop-hide\" data-count=\"23\"><a href=\"https:\/\/mgg-polymers.com\/\" target=\"_blank\"><img src=\"https:\/\/www.leadingsearchpartners.com\/wp-content\/uploads\/2021\/01\/mgg.png\"><\/a><\/div><div class=\"col-lg-2 col-md-3 col-xs-4 logo-item mobile-hide desktop-hide\" data-count=\"24\"><a href=\"https:\/\/www.payergroup.com\/\" target=\"_blank\"><img src=\"https:\/\/www.leadingsearchpartners.com\/wp-content\/uploads\/2021\/01\/payer.png\"><\/a><\/div><div class=\"col-lg-2 col-md-3 col-xs-4 logo-item mobile-hide desktop-hide\" data-count=\"25\"><a href=\"http:\/\/www.pollmann.at\" target=\"_blank\"><img src=\"https:\/\/www.leadingsearchpartners.com\/wp-content\/uploads\/2021\/01\/pollmann.png\"><\/a><\/div><div class=\"col-lg-2 col-md-3 col-xs-4 logo-item mobile-hide desktop-hide\" data-count=\"26\"><a href=\"https:\/\/www.primetals.com\/de\/\" target=\"_blank\"><img src=\"https:\/\/www.leadingsearchpartners.com\/wp-content\/uploads\/2021\/01\/primetals.png\"><\/a><\/div><div class=\"col-lg-2 col-md-3 col-xs-4 logo-item mobile-hide desktop-hide\" data-count=\"27\"><a href=\"https:\/\/www.purmogroup.com\/\" target=\"_blank\"><img src=\"https:\/\/www.leadingsearchpartners.com\/wp-content\/uploads\/2021\/01\/purmo.png\"><\/a><\/div><div class=\"col-lg-2 col-md-3 col-xs-4 logo-item mobile-hide desktop-hide\" data-count=\"28\"><a href=\"https:\/\/www.voestalpine.com\/group\/de\/\" target=\"_blank\"><img src=\"https:\/\/www.leadingsearchpartners.com\/wp-content\/uploads\/2021\/01\/voestalpine.png\"><\/a><\/div><div class=\"col-lg-2 col-md-3 col-xs-4 logo-item mobile-hide desktop-hide\" data-count=\"29\"><a href=\"https:\/\/www.wollsdorf.com\/w\/de\" target=\"_blank\"><img src=\"https:\/\/www.leadingsearchpartners.com\/wp-content\/uploads\/2021\/01\/wollsdorf.png\"><\/a><\/div><div class=\"col-lg-2 col-md-3 col-xs-4 logo-item mobile-hide desktop-hide\" data-count=\"30\"><a href=\"https:\/\/zkw-group.com\/\" target=\"_blank\"><img src=\"https:\/\/www.leadingsearchpartners.com\/wp-content\/uploads\/2021\/02\/zkw_NEU.png\"><\/a><\/div><div class=\"col-lg-2 col-md-3 col-xs-4 logo-item mobile-hide desktop-hide\" data-count=\"31\"><a href=\"https:\/\/austriadruckguss.com\/\" target=\"_blank\"><img src=\"https:\/\/www.leadingsearchpartners.com\/wp-content\/uploads\/2021\/01\/ADG.png\"><\/a><\/div><div class=\"col-lg-2 col-md-3 col-xs-4 logo-item mobile-hide desktop-hide\" data-count=\"32\"><a href=\"http:\/\/www.austriajuice.com\" target=\"_blank\"><img src=\"https:\/\/www.leadingsearchpartners.com\/wp-content\/uploads\/2021\/01\/austria-juice.png\"><\/a><\/div><div class=\"col-lg-2 col-md-3 col-xs-4 logo-item mobile-hide desktop-hide\" data-count=\"33\"><a href=\"https:\/\/www.bearingpoint.com\/de-at\/\" target=\"_blank\"><img src=\"https:\/\/www.leadingsearchpartners.com\/wp-content\/uploads\/2021\/01\/Bearing-Point.png\"><\/a><\/div><div class=\"col-lg-2 col-md-3 col-xs-4 logo-item mobile-hide desktop-hide\" data-count=\"34\"><a href=\"http:\/\/www.blaha.co.at\" target=\"_blank\"><img src=\"https:\/\/www.leadingsearchpartners.com\/wp-content\/uploads\/2021\/01\/blaha.png\"><\/a><\/div><div class=\"col-lg-2 col-md-3 col-xs-4 logo-item mobile-hide desktop-hide\" data-count=\"35\"><a href=\"https:\/\/www.braun-tech.com\/Home\" target=\"_blank\"><img src=\"https:\/\/www.leadingsearchpartners.com\/wp-content\/uploads\/2021\/01\/braun.png\"><\/a><\/div><div class=\"col-lg-2 col-md-3 col-xs-4 logo-item mobile-hide desktop-hide\" data-count=\"36\"><a href=\"https:\/\/www.akdenizchemson.com\/gruppe\/\" target=\"_blank\"><img src=\"https:\/\/www.leadingsearchpartners.com\/wp-content\/uploads\/2021\/02\/chemson_NEU.png\"><\/a><\/div><div class=\"col-lg-2 col-md-3 col-xs-4 logo-item mobile-hide desktop-hide\" data-count=\"37\"><a href=\"https:\/\/www.cflex.com\/\" target=\"_blank\"><img src=\"https:\/\/www.leadingsearchpartners.com\/wp-content\/uploads\/2021\/01\/constantia.png\"><\/a><\/div><div class=\"col-lg-2 col-md-3 col-xs-4 logo-item mobile-hide desktop-hide\" data-count=\"38\"><a href=\"https:\/\/www.eaton.com\/us\/en-us.html\" target=\"_blank\"><img src=\"https:\/\/www.leadingsearchpartners.com\/wp-content\/uploads\/2021\/01\/Eaton.png\"><\/a><\/div><div class=\"col-lg-2 col-md-3 col-xs-4 logo-item mobile-hide desktop-hide\" data-count=\"39\"><a href=\"https:\/\/pulseelectronics.eu\" target=\"_blank\"><img src=\"https:\/\/www.leadingsearchpartners.com\/wp-content\/uploads\/2021\/01\/egston.png\"><\/a><\/div><div class=\"col-lg-2 col-md-3 col-xs-4 logo-item mobile-hide desktop-hide\" data-count=\"40\"><a href=\"https:\/\/www.flsmidth.com\/\" target=\"_blank\"><img src=\"https:\/\/www.leadingsearchpartners.com\/wp-content\/uploads\/2021\/01\/fl-smith.png\"><\/a><\/div><div class=\"col-lg-2 col-md-3 col-xs-4 logo-item mobile-hide desktop-hide\" data-count=\"41\"><a href=\"https:\/\/www.georgfischer.com\/de.html\" target=\"_blank\"><img src=\"https:\/\/www.leadingsearchpartners.com\/wp-content\/uploads\/2021\/01\/georg-fischer.png\"><\/a><\/div><div class=\"col-lg-2 col-md-3 col-xs-4 logo-item mobile-hide desktop-hide\" data-count=\"42\"><a href=\"https:\/\/www.getzner.at\" target=\"_blank\"><img src=\"https:\/\/www.leadingsearchpartners.com\/wp-content\/uploads\/2021\/01\/getzner.png\"><\/a><\/div><div class=\"col-lg-2 col-md-3 col-xs-4 logo-item mobile-hide desktop-hide\" data-count=\"43\"><a href=\"https:\/\/www.hella.com\" target=\"_blank\"><img src=\"https:\/\/www.leadingsearchpartners.com\/wp-content\/uploads\/2021\/01\/hella.png\"><\/a><\/div><div class=\"col-lg-2 col-md-3 col-xs-4 logo-item mobile-hide desktop-hide\" data-count=\"44\"><a href=\"https:\/\/hereschwerke.com\/\" target=\"_blank\"><img src=\"https:\/\/www.leadingsearchpartners.com\/wp-content\/uploads\/2021\/01\/herschwerke.png\"><\/a><\/div><div class=\"col-lg-2 col-md-3 col-xs-4 logo-item mobile-hide desktop-hide\" data-count=\"45\"><a href=\"https:\/\/www.ibiden-ceram.com\/\" target=\"_blank\"><img src=\"https:\/\/www.leadingsearchpartners.com\/wp-content\/uploads\/2021\/01\/ibiden.png\"><\/a><\/div><div class=\"col-lg-2 col-md-3 col-xs-4 logo-item mobile-hide desktop-hide\" data-count=\"46\"><a href=\"https:\/\/www.kendrion.com\/de\/\" target=\"_blank\"><img src=\"https:\/\/www.leadingsearchpartners.com\/wp-content\/uploads\/2021\/01\/kendrion.png\"><\/a><\/div><div class=\"col-lg-2 col-md-3 col-xs-4 logo-item mobile-hide desktop-hide\" data-count=\"47\"><a href=\"https:\/\/www.knillgruppe.com\/\" target=\"_blank\"><img src=\"https:\/\/www.leadingsearchpartners.com\/wp-content\/uploads\/2021\/01\/knill-group.png\"><\/a><\/div><div class=\"col-lg-2 col-md-3 col-xs-4 logo-item mobile-hide desktop-hide\" data-count=\"48\"><a href=\"https:\/\/www.koenig-rex.com\" target=\"_blank\"><img src=\"https:\/\/www.leadingsearchpartners.com\/wp-content\/uploads\/2021\/01\/koenig.png\"><\/a><\/div><div class=\"col-lg-2 col-md-3 col-xs-4 logo-item mobile-hide desktop-hide\" data-count=\"49\"><a href=\"https:\/\/www.maco.eu\" target=\"_blank\"><img src=\"https:\/\/www.leadingsearchpartners.com\/wp-content\/uploads\/2021\/01\/maco.png\"><\/a><\/div><div class=\"col-lg-2 col-md-3 col-xs-4 logo-item mobile-hide desktop-hide\" data-count=\"50\"><a href=\"https:\/\/www.magna.com\/\" target=\"_blank\"><img src=\"https:\/\/www.leadingsearchpartners.com\/wp-content\/uploads\/2021\/01\/magna.png\"><\/a><\/div><div class=\"col-lg-2 col-md-3 col-xs-4 logo-item mobile-hide desktop-hide\" data-count=\"51\"><a href=\"http:\/\/www.mondi.com\/\" target=\"_blank\"><img src=\"https:\/\/www.leadingsearchpartners.com\/wp-content\/uploads\/2021\/01\/mondi.png\"><\/a><\/div><div class=\"col-lg-2 col-md-3 col-xs-4 logo-item mobile-hide desktop-hide\" data-count=\"52\"><a href=\"https:\/\/www.murauerbier.at\/\" target=\"_blank\"><img src=\"https:\/\/www.leadingsearchpartners.com\/wp-content\/uploads\/2021\/01\/murauer-bier.png\"><\/a><\/div><div class=\"col-lg-2 col-md-3 col-xs-4 logo-item mobile-hide desktop-hide\" data-count=\"53\"><a href=\"https:\/\/www.home.sandvik\/de\/\" target=\"_blank\"><img src=\"https:\/\/www.leadingsearchpartners.com\/wp-content\/uploads\/2021\/01\/sandvik.png\"><\/a><\/div><div class=\"col-lg-2 col-md-3 col-xs-4 logo-item mobile-hide desktop-hide\" data-count=\"54\"><a href=\"https:\/\/www.ses-imagotag.com\/de\" target=\"_blank\"><img src=\"https:\/\/www.leadingsearchpartners.com\/wp-content\/uploads\/2021\/01\/ses_imagotag.png\"><\/a><\/div><div class=\"col-lg-2 col-md-3 col-xs-4 logo-item mobile-hide desktop-hide\" data-count=\"55\"><a href=\"https:\/\/www.tanngroup.com\/\" target=\"_blank\"><img src=\"https:\/\/www.leadingsearchpartners.com\/wp-content\/uploads\/2021\/01\/smurfit.png\"><\/a><\/div><div class=\"col-lg-2 col-md-3 col-xs-4 logo-item mobile-hide desktop-hide\" data-count=\"56\"><a href=\"https:\/\/www.tanngroup.com\/\" target=\"_blank\"><img src=\"https:\/\/www.leadingsearchpartners.com\/wp-content\/uploads\/2021\/01\/tannpapier.png\"><\/a><\/div><div class=\"col-lg-2 col-md-3 col-xs-4 logo-item mobile-hide desktop-hide\" data-count=\"57\"><a href=\"https:\/\/www.te.com\" target=\"_blank\"><img src=\"https:\/\/www.leadingsearchpartners.com\/wp-content\/uploads\/2021\/01\/te-connectivity.png\"><\/a><\/div><div class=\"col-lg-2 col-md-3 col-xs-4 logo-item mobile-hide desktop-hide\" data-count=\"58\"><a href=\"https:\/\/www.treviaustria.eu\/\" target=\"_blank\"><img src=\"https:\/\/www.leadingsearchpartners.com\/wp-content\/uploads\/2021\/01\/trevigroup.png\"><\/a><\/div><div class=\"col-lg-2 col-md-3 col-xs-4 logo-item mobile-hide desktop-hide\" data-count=\"59\"><a href=\"http:\/\/www.ulikett.at\/\" target=\"_blank\"><img src=\"https:\/\/www.leadingsearchpartners.com\/wp-content\/uploads\/2021\/01\/ulikett.png\"><\/a><\/div><div class=\"col-lg-2 col-md-3 col-xs-4 logo-item mobile-hide desktop-hide\" data-count=\"60\"><a href=\"https:\/\/www.ventrex.com\/de\/\" target=\"_blank\"><img src=\"https:\/\/www.leadingsearchpartners.com\/wp-content\/uploads\/2021\/01\/ventrex.png\"><\/a><\/div><\/div>\n                <\/div>\n                <div class=\"extender\">Show more<\/div>\n            <\/div>[\/vc_column][\/vc_row]<\/p>\n","protected":false},"excerpt":{"rendered":"<p>[vc_row][vc_column][\/vc_column][\/vc_row][vc_row][vc_column][vc_column_text] [\/vc_column_text][\/vc_column][\/vc_row][vc_row][vc_column][\/vc_column][\/vc_row]<\/p>\n","protected":false},"author":1,"featured_media":0,"parent":260,"menu_order":0,"comment_status":"closed","ping_status":"closed","template":"","meta":{"footnotes":""},"acf":[],"yoast_head":"<!-- This site is optimized with the Yoast SEO plugin v20.6 - https:\/\/yoast.com\/wordpress\/plugins\/seo\/ -->\n<title>Country Expertise - Leading Search Partners<\/title>\n<meta name=\"robots\" content=\"index, follow, max-snippet:-1, max-image-preview:large, max-video-preview:-1\" \/>\n<link rel=\"canonical\" href=\"https:\/\/www.leadingsearchpartners.com\/en\/who-we-are\/country-expertise\/\" \/>\n<meta property=\"og:locale\" content=\"en_US\" \/>\n<meta property=\"og:type\" content=\"article\" \/>\n<meta property=\"og:title\" content=\"Country Expertise - Leading Search Partners\" \/>\n<meta property=\"og:description\" content=\"[vc_row][vc_column][\/vc_column][\/vc_row][vc_row][vc_column][vc_column_text] [\/vc_column_text][\/vc_column][\/vc_row][vc_row][vc_column][\/vc_column][\/vc_row]\" \/>\n<meta property=\"og:url\" content=\"https:\/\/www.leadingsearchpartners.com\/en\/who-we-are\/country-expertise\/\" \/>\n<meta property=\"og:site_name\" content=\"Leading Search Partners\" \/>\n<meta property=\"article:modified_time\" content=\"2021-02-18T12:48:14+00:00\" \/>\n<meta property=\"og:image\" content=\"https:\/\/www.leadingsearchpartners.com\/wp-content\/uploads\/2020\/08\/lsp_landkarte_pluschinabucharest-EN-Kombi-small.jpg\" \/>\n<meta name=\"twitter:card\" content=\"summary_large_image\" \/>\n<meta name=\"twitter:label1\" content=\"Est. reading time\" \/>\n\t<meta name=\"twitter:data1\" content=\"7 minutes\" \/>\n<script type=\"application\/ld+json\" class=\"yoast-schema-graph\">{\"@context\":\"https:\/\/schema.org\",\"@graph\":[{\"@type\":\"WebPage\",\"@id\":\"https:\/\/www.leadingsearchpartners.com\/en\/who-we-are\/country-expertise\/\",\"url\":\"https:\/\/www.leadingsearchpartners.com\/en\/who-we-are\/country-expertise\/\",\"name\":\"Country Expertise - Leading Search Partners\",\"isPartOf\":{\"@id\":\"https:\/\/www.leadingsearchpartners.com\/#website\"},\"datePublished\":\"2016-01-14T09:33:52+00:00\",\"dateModified\":\"2021-02-18T12:48:14+00:00\",\"breadcrumb\":{\"@id\":\"https:\/\/www.leadingsearchpartners.com\/en\/who-we-are\/country-expertise\/#breadcrumb\"},\"inLanguage\":\"en-US\",\"potentialAction\":[{\"@type\":\"ReadAction\",\"target\":[\"https:\/\/www.leadingsearchpartners.com\/en\/who-we-are\/country-expertise\/\"]}]},{\"@type\":\"BreadcrumbList\",\"@id\":\"https:\/\/www.leadingsearchpartners.com\/en\/who-we-are\/country-expertise\/#breadcrumb\",\"itemListElement\":[{\"@type\":\"ListItem\",\"position\":1,\"name\":\"Startseite\",\"item\":\"https:\/\/www.leadingsearchpartners.com\/home\/\"},{\"@type\":\"ListItem\",\"position\":2,\"name\":\"Who we are\",\"item\":\"https:\/\/www.leadingsearchpartners.com\/en\/who-we-are\/\"},{\"@type\":\"ListItem\",\"position\":3,\"name\":\"Country Expertise\"}]},{\"@type\":\"WebSite\",\"@id\":\"https:\/\/www.leadingsearchpartners.com\/#website\",\"url\":\"https:\/\/www.leadingsearchpartners.com\/\",\"name\":\"Leading Search Partners\",\"description\":\"Das Finden und F\u00f6rdern von Sch\u00e4tzen ist  unsere gr\u00f6\u00dfte Passion. Jeden Tag aufs Neue machen wir uns auf die Suche. Und sind so immer einen Schritt voraus.\",\"potentialAction\":[{\"@type\":\"SearchAction\",\"target\":{\"@type\":\"EntryPoint\",\"urlTemplate\":\"https:\/\/www.leadingsearchpartners.com\/?s={search_term_string}\"},\"query-input\":\"required name=search_term_string\"}],\"inLanguage\":\"en-US\"}]}<\/script>\n<!-- \/ Yoast SEO plugin. -->","yoast_head_json":{"title":"Country Expertise - Leading Search Partners","robots":{"index":"index","follow":"follow","max-snippet":"max-snippet:-1","max-image-preview":"max-image-preview:large","max-video-preview":"max-video-preview:-1"},"canonical":"https:\/\/www.leadingsearchpartners.com\/en\/who-we-are\/country-expertise\/","og_locale":"en_US","og_type":"article","og_title":"Country Expertise - Leading Search Partners","og_description":"[vc_row][vc_column][\/vc_column][\/vc_row][vc_row][vc_column][vc_column_text] [\/vc_column_text][\/vc_column][\/vc_row][vc_row][vc_column][\/vc_column][\/vc_row]","og_url":"https:\/\/www.leadingsearchpartners.com\/en\/who-we-are\/country-expertise\/","og_site_name":"Leading Search Partners","article_modified_time":"2021-02-18T12:48:14+00:00","og_image":[{"url":"https:\/\/www.leadingsearchpartners.com\/wp-content\/uploads\/2020\/08\/lsp_landkarte_pluschinabucharest-EN-Kombi-small.jpg"}],"twitter_card":"summary_large_image","twitter_misc":{"Est. reading time":"7 minutes"},"schema":{"@context":"https:\/\/schema.org","@graph":[{"@type":"WebPage","@id":"https:\/\/www.leadingsearchpartners.com\/en\/who-we-are\/country-expertise\/","url":"https:\/\/www.leadingsearchpartners.com\/en\/who-we-are\/country-expertise\/","name":"Country Expertise - Leading Search Partners","isPartOf":{"@id":"https:\/\/www.leadingsearchpartners.com\/#website"},"datePublished":"2016-01-14T09:33:52+00:00","dateModified":"2021-02-18T12:48:14+00:00","breadcrumb":{"@id":"https:\/\/www.leadingsearchpartners.com\/en\/who-we-are\/country-expertise\/#breadcrumb"},"inLanguage":"en-US","potentialAction":[{"@type":"ReadAction","target":["https:\/\/www.leadingsearchpartners.com\/en\/who-we-are\/country-expertise\/"]}]},{"@type":"BreadcrumbList","@id":"https:\/\/www.leadingsearchpartners.com\/en\/who-we-are\/country-expertise\/#breadcrumb","itemListElement":[{"@type":"ListItem","position":1,"name":"Startseite","item":"https:\/\/www.leadingsearchpartners.com\/home\/"},{"@type":"ListItem","position":2,"name":"Who we are","item":"https:\/\/www.leadingsearchpartners.com\/en\/who-we-are\/"},{"@type":"ListItem","position":3,"name":"Country Expertise"}]},{"@type":"WebSite","@id":"https:\/\/www.leadingsearchpartners.com\/#website","url":"https:\/\/www.leadingsearchpartners.com\/","name":"Leading Search Partners","description":"Das Finden und F\u00f6rdern von Sch\u00e4tzen ist  unsere gr\u00f6\u00dfte Passion. Jeden Tag aufs Neue machen wir uns auf die Suche. Und sind so immer einen Schritt voraus.","potentialAction":[{"@type":"SearchAction","target":{"@type":"EntryPoint","urlTemplate":"https:\/\/www.leadingsearchpartners.com\/?s={search_term_string}"},"query-input":"required name=search_term_string"}],"inLanguage":"en-US"}]}},"_links":{"self":[{"href":"https:\/\/www.leadingsearchpartners.com\/en\/wp-json\/wp\/v2\/pages\/278"}],"collection":[{"href":"https:\/\/www.leadingsearchpartners.com\/en\/wp-json\/wp\/v2\/pages"}],"about":[{"href":"https:\/\/www.leadingsearchpartners.com\/en\/wp-json\/wp\/v2\/types\/page"}],"author":[{"embeddable":true,"href":"https:\/\/www.leadingsearchpartners.com\/en\/wp-json\/wp\/v2\/users\/1"}],"replies":[{"embeddable":true,"href":"https:\/\/www.leadingsearchpartners.com\/en\/wp-json\/wp\/v2\/comments?post=278"}],"version-history":[{"count":13,"href":"https:\/\/www.leadingsearchpartners.com\/en\/wp-json\/wp\/v2\/pages\/278\/revisions"}],"predecessor-version":[{"id":5513,"href":"https:\/\/www.leadingsearchpartners.com\/en\/wp-json\/wp\/v2\/pages\/278\/revisions\/5513"}],"up":[{"embeddable":true,"href":"https:\/\/www.leadingsearchpartners.com\/en\/wp-json\/wp\/v2\/pages\/260"}],"wp:attachment":[{"href":"https:\/\/www.leadingsearchpartners.com\/en\/wp-json\/wp\/v2\/media?parent=278"}],"curies":[{"name":"wp","href":"https:\/\/api.w.org\/{rel}","templated":true}]}}