
{"id":283,"date":"2016-01-14T10:38:17","date_gmt":"2016-01-14T09:38:17","guid":{"rendered":"http:\/\/www.leadingsearchpartners.com\/en\/?page_id=283"},"modified":"2016-06-07T16:21:09","modified_gmt":"2016-06-07T14:21:09","slug":"mission-values","status":"publish","type":"page","link":"https:\/\/www.leadingsearchpartners.com\/en\/who-we-are\/mission-values\/","title":{"rendered":"Mission &#038; Values"},"content":{"rendered":"<p>[vc_row][vc_column]<div class=\"heading-row row \">\n                <div class=\"col-md-10 col-md-offset-1 col-sm-8 col-sm-offset-2\"><h1>What inspires our actions.<\/h1><\/div>\n                <div class=\"col-md-8 col-md-offset-2 col-sm-10 col-sm-offset-1\"><p style=\"text-align: center;\">Every day we search tirelessly for gold nuggets that will prove beneficial to our customers.<\/p>\n<p><a href=\"https:\/\/www.leadingsearchpartners.com\/wp-content\/uploads\/2016\/01\/gold_miner1.png\" rel=\"lightbox\"  rel=\"attachment wp-att-141\"><img decoding=\"async\" loading=\"lazy\" class=\"alignnone size-full wp-image-141 aligncenter\" src=\"https:\/\/www.leadingsearchpartners.com\/wp-content\/uploads\/2016\/01\/gold_miner1.png\" alt=\"Gold Miner\" width=\"261\" height=\"297\" \/><\/a><\/p>\n<\/div><\/div>[\/vc_column][\/vc_row][vc_row][vc_column]<h1 class=\"lines\">\n                <span class=\"text-uppercase\">How we work<\/span>\n            <\/h1>[\/vc_column][\/vc_row][vc_row][vc_column]<div class=\"text-col-3\"><p><strong>We<\/strong> never shy away from a challenge and never settle for anything but the absolute best<\/p>\n<p><strong>As<\/strong> we go one step further in our work, we are always one step ahead.<\/p>\n<p>Our ultimate goal is to bring unique people and great companies together.<\/p>\n<p><strong>We<\/strong> work to the highest levels of quality, drawing upon our profound expertise and talking openly with<\/p>\n<p>our customers about their needs to create long-lasting relationships.<\/p>\n<p><strong>Long-term<\/strong> experience and an inter&shy;national network are the foundation<br \/>\nfor our activities.<\/p>\n<\/div>[\/vc_column][\/vc_row][vc_row][vc_column]<h1 class=\"lines\">\n                <span class=\"text-uppercase\">More about Leading Search Partners<\/span>\n            <\/h1>[\/vc_column][\/vc_row][vc_row][vc_column width=&#8221;1\/3&#8243;]\n        <div class=\"about-box text-center\">\n            <div class=\"about-box-content\"><h2>Principle of<br \/>\nfinding the<br \/>\nbest<\/h2>\n<p style=\"text-align: center;\">We are not just looking<br \/>\nfor <em>anyone<\/em>.<br \/>\nWe are looking for <em>the<\/em> one.<br \/>\nThe best man or woman<br \/>\nfor the job.<\/p>\n<\/div>\n            <div class=\"about-box-stop\"><\/div>\n        <\/div>\n        [\/vc_column][vc_column width=&#8221;1\/3&#8243;]\n        <div class=\"about-box text-center\">\n            <div class=\"about-box-content\"><h2>The Truffle<br \/>\nHunters<\/h2>\n<p><a href=\"https:\/\/www.leadingsearchpartners.com\/wp-content\/uploads\/2016\/01\/trueffelschwein_teaser.png\" rel=\"lightbox\"  rel=\"attachment wp-att-182\"><img decoding=\"async\" loading=\"lazy\" class=\"aligncenter wp-image-182 size-full\" src=\"https:\/\/www.leadingsearchpartners.com\/wp-content\/uploads\/2016\/01\/trueffelschwein_teaser.png\" alt=\"Truffle pig\" width=\"198\" height=\"167\" \/><\/a><\/p>\n<\/div>\n            <div class=\"about-box-link\"><a href=\"http:\/\/leadingsearchpartners.com\/en\/who-we-are\/consultants\/\" title=\"\">> Mehr anzeigen<\/a><\/div>\n        <\/div>\n        [\/vc_column][vc_column width=&#8221;1\/3&#8243;]\n        <div class=\"about-box text-center\">\n            <div class=\"about-box-content\"><h2>What you<br \/>\ncan rely<br \/>\non<\/h2>\n<p class=\"font-sansserif special-lineheight\" style=\"text-align: center;\"><strong>OPENNESS<\/strong><br \/>\n<strong>FAIR PLAY<\/strong><br \/>\n<strong>TRUST<\/strong><br \/>\n<strong>APPRECIATION<\/strong><br \/>\n<strong>OPEN-MINDEDNESS<\/strong><br \/>\n<strong>TEAM SPIRIT<\/strong><\/p>\n<\/div>\n            <div class=\"about-box-stop\"><\/div>\n        <\/div>\n        [\/vc_column][\/vc_row]<\/p>\n","protected":false},"excerpt":{"rendered":"<p>[vc_row][vc_column][\/vc_column][\/vc_row][vc_row][vc_column][\/vc_column][\/vc_row][vc_row][vc_column][\/vc_column][\/vc_row][vc_row][vc_column][\/vc_column][\/vc_row][vc_row][vc_column width=&#8221;1\/3&#8243;][\/vc_column][vc_column width=&#8221;1\/3&#8243;][\/vc_column][vc_column width=&#8221;1\/3&#8243;][\/vc_column][\/vc_row]<\/p>\n","protected":false},"author":1,"featured_media":0,"parent":260,"menu_order":0,"comment_status":"closed","ping_status":"closed","template":"","meta":{"footnotes":""},"acf":[],"yoast_head":"<!-- This site is optimized with the Yoast SEO plugin v20.6 - https:\/\/yoast.com\/wordpress\/plugins\/seo\/ -->\n<title>Mission &amp; Values - Leading Search Partners<\/title>\n<meta name=\"robots\" content=\"index, follow, max-snippet:-1, max-image-preview:large, max-video-preview:-1\" \/>\n<link rel=\"canonical\" href=\"https:\/\/www.leadingsearchpartners.com\/en\/who-we-are\/mission-values\/\" \/>\n<meta property=\"og:locale\" content=\"en_US\" \/>\n<meta property=\"og:type\" content=\"article\" \/>\n<meta property=\"og:title\" content=\"Mission &amp; Values - Leading Search Partners\" \/>\n<meta property=\"og:description\" content=\"[vc_row][vc_column][\/vc_column][\/vc_row][vc_row][vc_column][\/vc_column][\/vc_row][vc_row][vc_column][\/vc_column][\/vc_row][vc_row][vc_column][\/vc_column][\/vc_row][vc_row][vc_column width=&#8221;1\/3&#8243;][\/vc_column][vc_column width=&#8221;1\/3&#8243;][\/vc_column][vc_column width=&#8221;1\/3&#8243;][\/vc_column][\/vc_row]\" \/>\n<meta property=\"og:url\" content=\"https:\/\/www.leadingsearchpartners.com\/en\/who-we-are\/mission-values\/\" \/>\n<meta property=\"og:site_name\" content=\"Leading Search Partners\" \/>\n<meta property=\"article:modified_time\" content=\"2016-06-07T14:21:09+00:00\" \/>\n<meta property=\"og:image\" content=\"https:\/\/www.leadingsearchpartners.com\/wp-content\/uploads\/2016\/01\/gold_miner1.png\" \/>\n<meta name=\"twitter:card\" content=\"summary_large_image\" \/>\n<meta name=\"twitter:label1\" content=\"Est. reading time\" \/>\n\t<meta name=\"twitter:data1\" content=\"1 minute\" \/>\n<script type=\"application\/ld+json\" class=\"yoast-schema-graph\">{\"@context\":\"https:\/\/schema.org\",\"@graph\":[{\"@type\":\"WebPage\",\"@id\":\"https:\/\/www.leadingsearchpartners.com\/en\/who-we-are\/mission-values\/\",\"url\":\"https:\/\/www.leadingsearchpartners.com\/en\/who-we-are\/mission-values\/\",\"name\":\"Mission & Values - Leading Search Partners\",\"isPartOf\":{\"@id\":\"https:\/\/www.leadingsearchpartners.com\/#website\"},\"datePublished\":\"2016-01-14T09:38:17+00:00\",\"dateModified\":\"2016-06-07T14:21:09+00:00\",\"breadcrumb\":{\"@id\":\"https:\/\/www.leadingsearchpartners.com\/en\/who-we-are\/mission-values\/#breadcrumb\"},\"inLanguage\":\"en-US\",\"potentialAction\":[{\"@type\":\"ReadAction\",\"target\":[\"https:\/\/www.leadingsearchpartners.com\/en\/who-we-are\/mission-values\/\"]}]},{\"@type\":\"BreadcrumbList\",\"@id\":\"https:\/\/www.leadingsearchpartners.com\/en\/who-we-are\/mission-values\/#breadcrumb\",\"itemListElement\":[{\"@type\":\"ListItem\",\"position\":1,\"name\":\"Startseite\",\"item\":\"https:\/\/www.leadingsearchpartners.com\/home\/\"},{\"@type\":\"ListItem\",\"position\":2,\"name\":\"Who we are\",\"item\":\"https:\/\/www.leadingsearchpartners.com\/en\/who-we-are\/\"},{\"@type\":\"ListItem\",\"position\":3,\"name\":\"Mission &#038; Values\"}]},{\"@type\":\"WebSite\",\"@id\":\"https:\/\/www.leadingsearchpartners.com\/#website\",\"url\":\"https:\/\/www.leadingsearchpartners.com\/\",\"name\":\"Leading Search Partners\",\"description\":\"Das Finden und F\u00f6rdern von Sch\u00e4tzen ist  unsere gr\u00f6\u00dfte Passion. Jeden Tag aufs Neue machen wir uns auf die Suche. Und sind so immer einen Schritt voraus.\",\"potentialAction\":[{\"@type\":\"SearchAction\",\"target\":{\"@type\":\"EntryPoint\",\"urlTemplate\":\"https:\/\/www.leadingsearchpartners.com\/?s={search_term_string}\"},\"query-input\":\"required name=search_term_string\"}],\"inLanguage\":\"en-US\"}]}<\/script>\n<!-- \/ Yoast SEO plugin. -->","yoast_head_json":{"title":"Mission & Values - Leading Search Partners","robots":{"index":"index","follow":"follow","max-snippet":"max-snippet:-1","max-image-preview":"max-image-preview:large","max-video-preview":"max-video-preview:-1"},"canonical":"https:\/\/www.leadingsearchpartners.com\/en\/who-we-are\/mission-values\/","og_locale":"en_US","og_type":"article","og_title":"Mission & Values - Leading Search Partners","og_description":"[vc_row][vc_column][\/vc_column][\/vc_row][vc_row][vc_column][\/vc_column][\/vc_row][vc_row][vc_column][\/vc_column][\/vc_row][vc_row][vc_column][\/vc_column][\/vc_row][vc_row][vc_column width=&#8221;1\/3&#8243;][\/vc_column][vc_column width=&#8221;1\/3&#8243;][\/vc_column][vc_column width=&#8221;1\/3&#8243;][\/vc_column][\/vc_row]","og_url":"https:\/\/www.leadingsearchpartners.com\/en\/who-we-are\/mission-values\/","og_site_name":"Leading Search Partners","article_modified_time":"2016-06-07T14:21:09+00:00","og_image":[{"url":"https:\/\/www.leadingsearchpartners.com\/wp-content\/uploads\/2016\/01\/gold_miner1.png"}],"twitter_card":"summary_large_image","twitter_misc":{"Est. reading time":"1 minute"},"schema":{"@context":"https:\/\/schema.org","@graph":[{"@type":"WebPage","@id":"https:\/\/www.leadingsearchpartners.com\/en\/who-we-are\/mission-values\/","url":"https:\/\/www.leadingsearchpartners.com\/en\/who-we-are\/mission-values\/","name":"Mission & Values - Leading Search Partners","isPartOf":{"@id":"https:\/\/www.leadingsearchpartners.com\/#website"},"datePublished":"2016-01-14T09:38:17+00:00","dateModified":"2016-06-07T14:21:09+00:00","breadcrumb":{"@id":"https:\/\/www.leadingsearchpartners.com\/en\/who-we-are\/mission-values\/#breadcrumb"},"inLanguage":"en-US","potentialAction":[{"@type":"ReadAction","target":["https:\/\/www.leadingsearchpartners.com\/en\/who-we-are\/mission-values\/"]}]},{"@type":"BreadcrumbList","@id":"https:\/\/www.leadingsearchpartners.com\/en\/who-we-are\/mission-values\/#breadcrumb","itemListElement":[{"@type":"ListItem","position":1,"name":"Startseite","item":"https:\/\/www.leadingsearchpartners.com\/home\/"},{"@type":"ListItem","position":2,"name":"Who we are","item":"https:\/\/www.leadingsearchpartners.com\/en\/who-we-are\/"},{"@type":"ListItem","position":3,"name":"Mission &#038; Values"}]},{"@type":"WebSite","@id":"https:\/\/www.leadingsearchpartners.com\/#website","url":"https:\/\/www.leadingsearchpartners.com\/","name":"Leading Search Partners","description":"Das Finden und F\u00f6rdern von Sch\u00e4tzen ist  unsere gr\u00f6\u00dfte Passion. Jeden Tag aufs Neue machen wir uns auf die Suche. Und sind so immer einen Schritt voraus.","potentialAction":[{"@type":"SearchAction","target":{"@type":"EntryPoint","urlTemplate":"https:\/\/www.leadingsearchpartners.com\/?s={search_term_string}"},"query-input":"required name=search_term_string"}],"inLanguage":"en-US"}]}},"_links":{"self":[{"href":"https:\/\/www.leadingsearchpartners.com\/en\/wp-json\/wp\/v2\/pages\/283"}],"collection":[{"href":"https:\/\/www.leadingsearchpartners.com\/en\/wp-json\/wp\/v2\/pages"}],"about":[{"href":"https:\/\/www.leadingsearchpartners.com\/en\/wp-json\/wp\/v2\/types\/page"}],"author":[{"embeddable":true,"href":"https:\/\/www.leadingsearchpartners.com\/en\/wp-json\/wp\/v2\/users\/1"}],"replies":[{"embeddable":true,"href":"https:\/\/www.leadingsearchpartners.com\/en\/wp-json\/wp\/v2\/comments?post=283"}],"version-history":[{"count":16,"href":"https:\/\/www.leadingsearchpartners.com\/en\/wp-json\/wp\/v2\/pages\/283\/revisions"}],"predecessor-version":[{"id":777,"href":"https:\/\/www.leadingsearchpartners.com\/en\/wp-json\/wp\/v2\/pages\/283\/revisions\/777"}],"up":[{"embeddable":true,"href":"https:\/\/www.leadingsearchpartners.com\/en\/wp-json\/wp\/v2\/pages\/260"}],"wp:attachment":[{"href":"https:\/\/www.leadingsearchpartners.com\/en\/wp-json\/wp\/v2\/media?parent=283"}],"curies":[{"name":"wp","href":"https:\/\/api.w.org\/{rel}","templated":true}]}}