
{"id":292,"date":"2016-01-14T10:52:03","date_gmt":"2016-01-14T09:52:03","guid":{"rendered":"http:\/\/www.leadingsearchpartners.com\/en\/?page_id=292"},"modified":"2026-01-26T11:35:19","modified_gmt":"2026-01-26T10:35:19","slug":"where-we-are","status":"publish","type":"page","link":"https:\/\/www.leadingsearchpartners.com\/en\/where-we-are\/","title":{"rendered":"Where we are"},"content":{"rendered":"<p>[vc_row][vc_column][vc_column_text]<img decoding=\"async\" class=\"aligncenter size-large wp-image-729\" alt=\"lsp_landkarte_EN\" src=\"https:\/\/www.leadingsearchpartners.com\/wp-content\/uploads\/2020\/08\/lsp_landkarte_pluschinabucharest-EN-Kombi-small.jpg\" \/><\/p>\n<p>[\/vc_column_text][\/vc_column][\/vc_row][vc_row][vc_column]<div id=\"office-vienna\" class=\"office\">\n                <div class=\"office-header\">\n                    <div class=\"office-location\"><h2>Office Vienna<\/h2><\/div>\n                    <div class=\"office_address\">\n                        <p>Zollergasse 2\/38<br>1070 Vienna<br>AUSTRIA<br><strong>T<\/strong> + 43 1 33 66 0 22<\/p>\n                    <\/div>\n                    <div class=\"office-more-link\"><a href=\"http:\/\/leadingsearchpartners.com\/en\/where-we-are\/office-vienna\/\">> Mehr anzeigen<\/a><\/div>\n                <\/div>\n            <\/div>[\/vc_column][\/vc_row][vc_row][vc_column]<div id=\"office-graz\" class=\"office\">\n                <div class=\"office-header\">\n                    <div class=\"office-location\"><h2>Office Graz<\/h2><\/div>\n                    <div class=\"office_address\">\n                        <p>Heinrichstra\u00dfe 41<br>8010 Graz<br>AUSTRIA<br><\/p>\n                    <\/div>\n                    <div class=\"office-more-link\"><a href=\"http:\/\/leadingsearchpartners.com\/en\/where-we-are\/office-graz\/\">> Mehr anzeigen<\/a><\/div>\n                <\/div>\n            <\/div>[\/vc_column][\/vc_row][vc_row][vc_column]<div id=\"office-ljubljana\" class=\"office\">\n                <div class=\"office-header\">\n                    <div class=\"office-location\"><h2>Office Ljubljana<\/h2><\/div>\n                    <div class=\"office_address\">\n                        <p>CHR Partners<br>Cankarjeva cesta 4<br>1000 Ljubljana<br>SLOVENIA<br><strong>T<\/strong> +386 1 425 43 92<\/p>\n                    <\/div>\n                    <div class=\"office-more-link\"><a href=\"http:\/\/leadingsearchpartners.com\/en\/where-we-are\/office-ljubljana\/\">> Mehr anzeigen<\/a><\/div>\n                <\/div>\n            <\/div>[\/vc_column][\/vc_row][vc_row][vc_column]<div id=\"office-shanghai\" class=\"office\">\n                <div class=\"office-header\">\n                    <div class=\"office-location\"><h2>Office Shanghai<\/h2><\/div>\n                    <div class=\"office_address\">\n                        <p>227 Huangpi North Road<br>Shanghai, 200003<br>CHINA<br><strong>T<\/strong> +41 78 4040 833<\/p>\n                    <\/div>\n                    <div class=\"office-more-link\"><a href=\"http:\/\/www.leadingsearchpartners.com\/en\/where-we-are\/office-shanghai\/\">> Mehr anzeigen<\/a><\/div>\n                <\/div>\n            <\/div>[\/vc_column][\/vc_row]<\/p>\n","protected":false},"excerpt":{"rendered":"<p>[vc_row][vc_column][vc_column_text] [\/vc_column_text][\/vc_column][\/vc_row][vc_row][vc_column][\/vc_column][\/vc_row][vc_row][vc_column][\/vc_column][\/vc_row][vc_row][vc_column][\/vc_column][\/vc_row][vc_row][vc_column][\/vc_column][\/vc_row]<\/p>\n","protected":false},"author":1,"featured_media":0,"parent":0,"menu_order":6,"comment_status":"closed","ping_status":"closed","template":"","meta":{"footnotes":""},"acf":[],"yoast_head":"<!-- This site is optimized with the Yoast SEO plugin v20.6 - https:\/\/yoast.com\/wordpress\/plugins\/seo\/ -->\n<title>Where we are - Leading Search Partners<\/title>\n<meta name=\"robots\" content=\"index, follow, max-snippet:-1, max-image-preview:large, max-video-preview:-1\" \/>\n<link rel=\"canonical\" href=\"https:\/\/www.leadingsearchpartners.com\/en\/where-we-are\/\" \/>\n<meta property=\"og:locale\" content=\"en_US\" \/>\n<meta property=\"og:type\" content=\"article\" \/>\n<meta property=\"og:title\" content=\"Where we are - Leading Search Partners\" \/>\n<meta property=\"og:description\" content=\"[vc_row][vc_column][vc_column_text] [\/vc_column_text][\/vc_column][\/vc_row][vc_row][vc_column][\/vc_column][\/vc_row][vc_row][vc_column][\/vc_column][\/vc_row][vc_row][vc_column][\/vc_column][\/vc_row][vc_row][vc_column][\/vc_column][\/vc_row]\" \/>\n<meta property=\"og:url\" content=\"https:\/\/www.leadingsearchpartners.com\/en\/where-we-are\/\" \/>\n<meta property=\"og:site_name\" content=\"Leading Search Partners\" \/>\n<meta property=\"article:modified_time\" content=\"2026-01-26T10:35:19+00:00\" \/>\n<meta property=\"og:image\" content=\"https:\/\/www.leadingsearchpartners.com\/wp-content\/uploads\/2020\/08\/lsp_landkarte_pluschinabucharest-EN-Kombi-small.jpg\" \/>\n<meta name=\"twitter:card\" content=\"summary_large_image\" \/>\n<meta name=\"twitter:label1\" content=\"Est. reading time\" \/>\n\t<meta name=\"twitter:data1\" content=\"1 minute\" \/>\n<script type=\"application\/ld+json\" class=\"yoast-schema-graph\">{\"@context\":\"https:\/\/schema.org\",\"@graph\":[{\"@type\":\"WebPage\",\"@id\":\"https:\/\/www.leadingsearchpartners.com\/en\/where-we-are\/\",\"url\":\"https:\/\/www.leadingsearchpartners.com\/en\/where-we-are\/\",\"name\":\"Where we are - Leading Search Partners\",\"isPartOf\":{\"@id\":\"https:\/\/www.leadingsearchpartners.com\/#website\"},\"datePublished\":\"2016-01-14T09:52:03+00:00\",\"dateModified\":\"2026-01-26T10:35:19+00:00\",\"breadcrumb\":{\"@id\":\"https:\/\/www.leadingsearchpartners.com\/en\/where-we-are\/#breadcrumb\"},\"inLanguage\":\"en-US\",\"potentialAction\":[{\"@type\":\"ReadAction\",\"target\":[\"https:\/\/www.leadingsearchpartners.com\/en\/where-we-are\/\"]}]},{\"@type\":\"BreadcrumbList\",\"@id\":\"https:\/\/www.leadingsearchpartners.com\/en\/where-we-are\/#breadcrumb\",\"itemListElement\":[{\"@type\":\"ListItem\",\"position\":1,\"name\":\"Startseite\",\"item\":\"https:\/\/www.leadingsearchpartners.com\/home\/\"},{\"@type\":\"ListItem\",\"position\":2,\"name\":\"Where we are\"}]},{\"@type\":\"WebSite\",\"@id\":\"https:\/\/www.leadingsearchpartners.com\/#website\",\"url\":\"https:\/\/www.leadingsearchpartners.com\/\",\"name\":\"Leading Search Partners\",\"description\":\"Das Finden und F\u00f6rdern von Sch\u00e4tzen ist  unsere gr\u00f6\u00dfte Passion. Jeden Tag aufs Neue machen wir uns auf die Suche. Und sind so immer einen Schritt voraus.\",\"potentialAction\":[{\"@type\":\"SearchAction\",\"target\":{\"@type\":\"EntryPoint\",\"urlTemplate\":\"https:\/\/www.leadingsearchpartners.com\/?s={search_term_string}\"},\"query-input\":\"required name=search_term_string\"}],\"inLanguage\":\"en-US\"}]}<\/script>\n<!-- \/ Yoast SEO plugin. -->","yoast_head_json":{"title":"Where we are - Leading Search Partners","robots":{"index":"index","follow":"follow","max-snippet":"max-snippet:-1","max-image-preview":"max-image-preview:large","max-video-preview":"max-video-preview:-1"},"canonical":"https:\/\/www.leadingsearchpartners.com\/en\/where-we-are\/","og_locale":"en_US","og_type":"article","og_title":"Where we are - Leading Search Partners","og_description":"[vc_row][vc_column][vc_column_text] [\/vc_column_text][\/vc_column][\/vc_row][vc_row][vc_column][\/vc_column][\/vc_row][vc_row][vc_column][\/vc_column][\/vc_row][vc_row][vc_column][\/vc_column][\/vc_row][vc_row][vc_column][\/vc_column][\/vc_row]","og_url":"https:\/\/www.leadingsearchpartners.com\/en\/where-we-are\/","og_site_name":"Leading Search Partners","article_modified_time":"2026-01-26T10:35:19+00:00","og_image":[{"url":"https:\/\/www.leadingsearchpartners.com\/wp-content\/uploads\/2020\/08\/lsp_landkarte_pluschinabucharest-EN-Kombi-small.jpg"}],"twitter_card":"summary_large_image","twitter_misc":{"Est. reading time":"1 minute"},"schema":{"@context":"https:\/\/schema.org","@graph":[{"@type":"WebPage","@id":"https:\/\/www.leadingsearchpartners.com\/en\/where-we-are\/","url":"https:\/\/www.leadingsearchpartners.com\/en\/where-we-are\/","name":"Where we are - Leading Search Partners","isPartOf":{"@id":"https:\/\/www.leadingsearchpartners.com\/#website"},"datePublished":"2016-01-14T09:52:03+00:00","dateModified":"2026-01-26T10:35:19+00:00","breadcrumb":{"@id":"https:\/\/www.leadingsearchpartners.com\/en\/where-we-are\/#breadcrumb"},"inLanguage":"en-US","potentialAction":[{"@type":"ReadAction","target":["https:\/\/www.leadingsearchpartners.com\/en\/where-we-are\/"]}]},{"@type":"BreadcrumbList","@id":"https:\/\/www.leadingsearchpartners.com\/en\/where-we-are\/#breadcrumb","itemListElement":[{"@type":"ListItem","position":1,"name":"Startseite","item":"https:\/\/www.leadingsearchpartners.com\/home\/"},{"@type":"ListItem","position":2,"name":"Where we are"}]},{"@type":"WebSite","@id":"https:\/\/www.leadingsearchpartners.com\/#website","url":"https:\/\/www.leadingsearchpartners.com\/","name":"Leading Search Partners","description":"Das Finden und F\u00f6rdern von Sch\u00e4tzen ist  unsere gr\u00f6\u00dfte Passion. Jeden Tag aufs Neue machen wir uns auf die Suche. Und sind so immer einen Schritt voraus.","potentialAction":[{"@type":"SearchAction","target":{"@type":"EntryPoint","urlTemplate":"https:\/\/www.leadingsearchpartners.com\/?s={search_term_string}"},"query-input":"required name=search_term_string"}],"inLanguage":"en-US"}]}},"_links":{"self":[{"href":"https:\/\/www.leadingsearchpartners.com\/en\/wp-json\/wp\/v2\/pages\/292"}],"collection":[{"href":"https:\/\/www.leadingsearchpartners.com\/en\/wp-json\/wp\/v2\/pages"}],"about":[{"href":"https:\/\/www.leadingsearchpartners.com\/en\/wp-json\/wp\/v2\/types\/page"}],"author":[{"embeddable":true,"href":"https:\/\/www.leadingsearchpartners.com\/en\/wp-json\/wp\/v2\/users\/1"}],"replies":[{"embeddable":true,"href":"https:\/\/www.leadingsearchpartners.com\/en\/wp-json\/wp\/v2\/comments?post=292"}],"version-history":[{"count":28,"href":"https:\/\/www.leadingsearchpartners.com\/en\/wp-json\/wp\/v2\/pages\/292\/revisions"}],"predecessor-version":[{"id":6565,"href":"https:\/\/www.leadingsearchpartners.com\/en\/wp-json\/wp\/v2\/pages\/292\/revisions\/6565"}],"wp:attachment":[{"href":"https:\/\/www.leadingsearchpartners.com\/en\/wp-json\/wp\/v2\/media?parent=292"}],"curies":[{"name":"wp","href":"https:\/\/api.w.org\/{rel}","templated":true}]}}