
{"id":4939,"date":"2020-10-22T13:57:45","date_gmt":"2020-10-22T11:57:45","guid":{"rendered":"http:\/\/66B9E4AD-3E68-42F6-BE21-FFF78E9ADA83"},"modified":"2026-02-18T12:02:05","modified_gmt":"2026-02-18T11:02:05","slug":"office-shanghai","status":"publish","type":"page","link":"https:\/\/www.leadingsearchpartners.com\/en\/where-we-are\/office-shanghai\/","title":{"rendered":"Office Shanghai"},"content":{"rendered":"<p>[vc_row][vc_column]<div id=\"office-shanghai\" class=\"office\">\n                <div class=\"office-header\">\n                    <div class=\"office-location\"><h1>Office Shanghai<\/h1><\/div>\n                    <div class=\"office_address\">\n                        <p>FES Part<br>233 Taicang Road<br>Shanghai, 200000<br>CHINA<br><strong>T<\/strong> +41 78 4040 833<\/p>\n                    <\/div>\n                <\/div>\n                <div class=\"office-content\">\n                    <div class=\"office-persons\"><div class=\"row\"><div class=\"col-sm-3\">\n                                <div class=\"office-person\">\n                                    <div class=\"office-person-image\"><img width=\"600\" height=\"960\" src=\"https:\/\/www.leadingsearchpartners.com\/wp-content\/uploads\/2020\/10\/600x960px_v02.jpg\" class=\"attachment-post-thumbnail size-post-thumbnail wp-post-image\" alt=\"\" decoding=\"async\" srcset=\"https:\/\/www.leadingsearchpartners.com\/wp-content\/uploads\/2020\/10\/600x960px_v02.jpg 600w, https:\/\/www.leadingsearchpartners.com\/wp-content\/uploads\/2020\/10\/600x960px_v02-188x300.jpg 188w\" sizes=\"(max-width: 600px) 100vw, 600px\" \/><\/div>\n                                    <div class=\"office-person-name\"><h3>Thadd\u00e4us<br> M\u00fcller<\/h3><\/div>\n                                    <div class=\"office-person-position\">Co-Operation Partner, Asia<\/div>\n                                    <div class=\"office-person-address\"><p>Peking \u2013 Shanghai \u2013 Hong Kong \u2013 Shenzhen - Singapur<br \/>M +852 9686 0701<br \/>T\u00a0+41 78 4040 833 <br \/><a href=\"mailto:tmueller@fiducia-china.com\">e-mail<\/a><\/p><\/div>\n                                <\/div>\n                            <\/div><\/div><\/div>\n                    <div class=\"office-description\"><\/div>\n                <\/div>\n            <\/div>[\/vc_column][\/vc_row]<\/p>\n","protected":false},"excerpt":{"rendered":"<p>[vc_row][vc_column][\/vc_column][\/vc_row]<\/p>\n","protected":false},"author":42,"featured_media":0,"parent":292,"menu_order":0,"comment_status":"closed","ping_status":"closed","template":"","meta":{"footnotes":""},"acf":[],"yoast_head":"<!-- This site is optimized with the Yoast SEO plugin v20.6 - https:\/\/yoast.com\/wordpress\/plugins\/seo\/ -->\n<title>Office Shanghai - Leading Search Partners<\/title>\n<meta name=\"robots\" content=\"index, follow, max-snippet:-1, max-image-preview:large, max-video-preview:-1\" \/>\n<link rel=\"canonical\" href=\"https:\/\/www.leadingsearchpartners.com\/en\/where-we-are\/office-shanghai\/\" \/>\n<meta property=\"og:locale\" content=\"en_US\" \/>\n<meta property=\"og:type\" content=\"article\" \/>\n<meta property=\"og:title\" content=\"Office Shanghai - Leading Search Partners\" \/>\n<meta property=\"og:description\" content=\"[vc_row][vc_column][\/vc_column][\/vc_row]\" \/>\n<meta property=\"og:url\" content=\"https:\/\/www.leadingsearchpartners.com\/en\/where-we-are\/office-shanghai\/\" \/>\n<meta property=\"og:site_name\" content=\"Leading Search Partners\" \/>\n<meta property=\"article:modified_time\" content=\"2026-02-18T11:02:05+00:00\" \/>\n<meta name=\"twitter:card\" content=\"summary_large_image\" \/>\n<meta name=\"twitter:label1\" content=\"Est. reading time\" \/>\n\t<meta name=\"twitter:data1\" content=\"1 minute\" \/>\n<script type=\"application\/ld+json\" class=\"yoast-schema-graph\">{\"@context\":\"https:\/\/schema.org\",\"@graph\":[{\"@type\":\"WebPage\",\"@id\":\"https:\/\/www.leadingsearchpartners.com\/en\/where-we-are\/office-shanghai\/\",\"url\":\"https:\/\/www.leadingsearchpartners.com\/en\/where-we-are\/office-shanghai\/\",\"name\":\"Office Shanghai - Leading Search Partners\",\"isPartOf\":{\"@id\":\"https:\/\/www.leadingsearchpartners.com\/#website\"},\"datePublished\":\"2020-10-22T11:57:45+00:00\",\"dateModified\":\"2026-02-18T11:02:05+00:00\",\"breadcrumb\":{\"@id\":\"https:\/\/www.leadingsearchpartners.com\/en\/where-we-are\/office-shanghai\/#breadcrumb\"},\"inLanguage\":\"en-US\",\"potentialAction\":[{\"@type\":\"ReadAction\",\"target\":[\"https:\/\/www.leadingsearchpartners.com\/en\/where-we-are\/office-shanghai\/\"]}]},{\"@type\":\"BreadcrumbList\",\"@id\":\"https:\/\/www.leadingsearchpartners.com\/en\/where-we-are\/office-shanghai\/#breadcrumb\",\"itemListElement\":[{\"@type\":\"ListItem\",\"position\":1,\"name\":\"Startseite\",\"item\":\"https:\/\/www.leadingsearchpartners.com\/home\/\"},{\"@type\":\"ListItem\",\"position\":2,\"name\":\"Where we are\",\"item\":\"https:\/\/www.leadingsearchpartners.com\/en\/where-we-are\/\"},{\"@type\":\"ListItem\",\"position\":3,\"name\":\"Office Shanghai\"}]},{\"@type\":\"WebSite\",\"@id\":\"https:\/\/www.leadingsearchpartners.com\/#website\",\"url\":\"https:\/\/www.leadingsearchpartners.com\/\",\"name\":\"Leading Search Partners\",\"description\":\"Das Finden und F\u00f6rdern von Sch\u00e4tzen ist  unsere gr\u00f6\u00dfte Passion. Jeden Tag aufs Neue machen wir uns auf die Suche. Und sind so immer einen Schritt voraus.\",\"potentialAction\":[{\"@type\":\"SearchAction\",\"target\":{\"@type\":\"EntryPoint\",\"urlTemplate\":\"https:\/\/www.leadingsearchpartners.com\/?s={search_term_string}\"},\"query-input\":\"required name=search_term_string\"}],\"inLanguage\":\"en-US\"}]}<\/script>\n<!-- \/ Yoast SEO plugin. -->","yoast_head_json":{"title":"Office Shanghai - Leading Search Partners","robots":{"index":"index","follow":"follow","max-snippet":"max-snippet:-1","max-image-preview":"max-image-preview:large","max-video-preview":"max-video-preview:-1"},"canonical":"https:\/\/www.leadingsearchpartners.com\/en\/where-we-are\/office-shanghai\/","og_locale":"en_US","og_type":"article","og_title":"Office Shanghai - Leading Search Partners","og_description":"[vc_row][vc_column][\/vc_column][\/vc_row]","og_url":"https:\/\/www.leadingsearchpartners.com\/en\/where-we-are\/office-shanghai\/","og_site_name":"Leading Search Partners","article_modified_time":"2026-02-18T11:02:05+00:00","twitter_card":"summary_large_image","twitter_misc":{"Est. reading time":"1 minute"},"schema":{"@context":"https:\/\/schema.org","@graph":[{"@type":"WebPage","@id":"https:\/\/www.leadingsearchpartners.com\/en\/where-we-are\/office-shanghai\/","url":"https:\/\/www.leadingsearchpartners.com\/en\/where-we-are\/office-shanghai\/","name":"Office Shanghai - Leading Search Partners","isPartOf":{"@id":"https:\/\/www.leadingsearchpartners.com\/#website"},"datePublished":"2020-10-22T11:57:45+00:00","dateModified":"2026-02-18T11:02:05+00:00","breadcrumb":{"@id":"https:\/\/www.leadingsearchpartners.com\/en\/where-we-are\/office-shanghai\/#breadcrumb"},"inLanguage":"en-US","potentialAction":[{"@type":"ReadAction","target":["https:\/\/www.leadingsearchpartners.com\/en\/where-we-are\/office-shanghai\/"]}]},{"@type":"BreadcrumbList","@id":"https:\/\/www.leadingsearchpartners.com\/en\/where-we-are\/office-shanghai\/#breadcrumb","itemListElement":[{"@type":"ListItem","position":1,"name":"Startseite","item":"https:\/\/www.leadingsearchpartners.com\/home\/"},{"@type":"ListItem","position":2,"name":"Where we are","item":"https:\/\/www.leadingsearchpartners.com\/en\/where-we-are\/"},{"@type":"ListItem","position":3,"name":"Office Shanghai"}]},{"@type":"WebSite","@id":"https:\/\/www.leadingsearchpartners.com\/#website","url":"https:\/\/www.leadingsearchpartners.com\/","name":"Leading Search Partners","description":"Das Finden und F\u00f6rdern von Sch\u00e4tzen ist  unsere gr\u00f6\u00dfte Passion. Jeden Tag aufs Neue machen wir uns auf die Suche. Und sind so immer einen Schritt voraus.","potentialAction":[{"@type":"SearchAction","target":{"@type":"EntryPoint","urlTemplate":"https:\/\/www.leadingsearchpartners.com\/?s={search_term_string}"},"query-input":"required name=search_term_string"}],"inLanguage":"en-US"}]}},"_links":{"self":[{"href":"https:\/\/www.leadingsearchpartners.com\/en\/wp-json\/wp\/v2\/pages\/4939"}],"collection":[{"href":"https:\/\/www.leadingsearchpartners.com\/en\/wp-json\/wp\/v2\/pages"}],"about":[{"href":"https:\/\/www.leadingsearchpartners.com\/en\/wp-json\/wp\/v2\/types\/page"}],"author":[{"embeddable":true,"href":"https:\/\/www.leadingsearchpartners.com\/en\/wp-json\/wp\/v2\/users\/42"}],"replies":[{"embeddable":true,"href":"https:\/\/www.leadingsearchpartners.com\/en\/wp-json\/wp\/v2\/comments?post=4939"}],"version-history":[{"count":7,"href":"https:\/\/www.leadingsearchpartners.com\/en\/wp-json\/wp\/v2\/pages\/4939\/revisions"}],"predecessor-version":[{"id":6574,"href":"https:\/\/www.leadingsearchpartners.com\/en\/wp-json\/wp\/v2\/pages\/4939\/revisions\/6574"}],"up":[{"embeddable":true,"href":"https:\/\/www.leadingsearchpartners.com\/en\/wp-json\/wp\/v2\/pages\/292"}],"wp:attachment":[{"href":"https:\/\/www.leadingsearchpartners.com\/en\/wp-json\/wp\/v2\/media?parent=4939"}],"curies":[{"name":"wp","href":"https:\/\/api.w.org\/{rel}","templated":true}]}}