
{"id":524,"date":"2016-01-27T09:21:51","date_gmt":"2016-01-27T08:21:51","guid":{"rendered":"http:\/\/www.leadingsearchpartners.com\/en\/?page_id=524"},"modified":"2025-03-04T10:54:40","modified_gmt":"2025-03-04T09:54:40","slug":"office-graz","status":"publish","type":"page","link":"https:\/\/www.leadingsearchpartners.com\/en\/where-we-are\/office-graz\/","title":{"rendered":"Office Graz"},"content":{"rendered":"<p>[vc_row][vc_column]<div id=\"office-graz\" class=\"office\">\n                <div class=\"office-header\">\n                    <div class=\"office-location\"><h1>Office Graz<\/h1><\/div>\n                    <div class=\"office_address\">\n                        <p>Heinrichstra\u00dfe 41<br>8010 Graz<br><\/p>\n                    <\/div>\n                <\/div>\n                <div class=\"office-content\">\n                    <div class=\"office-persons\"><div class=\"row\"><div class=\"col-sm-3\">\n                                <div class=\"office-person\">\n                                    <div class=\"office-person-image\"><img width=\"1500\" height=\"2400\" src=\"https:\/\/www.leadingsearchpartners.com\/wp-content\/uploads\/2018\/04\/R7A9130-Gerald-Metzler.jpg\" class=\"attachment-post-thumbnail size-post-thumbnail wp-post-image\" alt=\"\" decoding=\"async\" srcset=\"https:\/\/www.leadingsearchpartners.com\/wp-content\/uploads\/2018\/04\/R7A9130-Gerald-Metzler.jpg 1500w, https:\/\/www.leadingsearchpartners.com\/wp-content\/uploads\/2018\/04\/R7A9130-Gerald-Metzler-188x300.jpg 188w, https:\/\/www.leadingsearchpartners.com\/wp-content\/uploads\/2018\/04\/R7A9130-Gerald-Metzler-768x1229.jpg 768w, https:\/\/www.leadingsearchpartners.com\/wp-content\/uploads\/2018\/04\/R7A9130-Gerald-Metzler-640x1024.jpg 640w\" sizes=\"(max-width: 1500px) 100vw, 1500px\" \/><\/div>\n                                    <div class=\"office-person-name\"><h3>Gerald<br> Metzler<\/h3><\/div>\n                                    <div class=\"office-person-position\">Partner, Graz\/Vienna<\/div>\n                                    <div class=\"office-person-address\"><p>Heinrichstra\u00dfe 41,<br \/>8010 Graz<br \/><a href=\"mailto:gerald.metzler@leadingsearchpartners.com\">e-mail<\/a><\/p><\/div>\n                                <\/div>\n                            <\/div><div class=\"col-sm-3\">\n                                <div class=\"office-person\">\n                                    <div class=\"office-person-image\"><img width=\"1500\" height=\"2400\" src=\"https:\/\/www.leadingsearchpartners.com\/wp-content\/uploads\/2023\/02\/DSC0820_PS.jpg\" class=\"attachment-post-thumbnail size-post-thumbnail wp-post-image\" alt=\"\" decoding=\"async\" srcset=\"https:\/\/www.leadingsearchpartners.com\/wp-content\/uploads\/2023\/02\/DSC0820_PS.jpg 1500w, https:\/\/www.leadingsearchpartners.com\/wp-content\/uploads\/2023\/02\/DSC0820_PS-188x300.jpg 188w, https:\/\/www.leadingsearchpartners.com\/wp-content\/uploads\/2023\/02\/DSC0820_PS-640x1024.jpg 640w, https:\/\/www.leadingsearchpartners.com\/wp-content\/uploads\/2023\/02\/DSC0820_PS-768x1229.jpg 768w, https:\/\/www.leadingsearchpartners.com\/wp-content\/uploads\/2023\/02\/DSC0820_PS-960x1536.jpg 960w, https:\/\/www.leadingsearchpartners.com\/wp-content\/uploads\/2023\/02\/DSC0820_PS-1280x2048.jpg 1280w\" sizes=\"(max-width: 1500px) 100vw, 1500px\" \/><\/div>\n                                    <div class=\"office-person-name\"><h3>Claus<br> Schmidt<\/h3><\/div>\n                                    <div class=\"office-person-position\">Partner, Graz\/Vienna\/Munich<\/div>\n                                    <div class=\"office-person-address\"><p>Heinrichstra\u00dfe 41, <br \/>8010 Graz<br \/><a href=\"mailto:claus.schmidt@leadingsearchpartners.com\">e-mail<\/a><\/p><\/div>\n                                <\/div>\n                            <\/div><div class=\"col-sm-3\">\n                                <div class=\"office-person\">\n                                    <div class=\"office-person-image\"><img width=\"1500\" height=\"2400\" src=\"https:\/\/www.leadingsearchpartners.com\/wp-content\/uploads\/2018\/04\/R7A1005-Eldina-Basic.jpg\" class=\"attachment-post-thumbnail size-post-thumbnail wp-post-image\" alt=\"\" decoding=\"async\" srcset=\"https:\/\/www.leadingsearchpartners.com\/wp-content\/uploads\/2018\/04\/R7A1005-Eldina-Basic.jpg 1500w, https:\/\/www.leadingsearchpartners.com\/wp-content\/uploads\/2018\/04\/R7A1005-Eldina-Basic-188x300.jpg 188w, https:\/\/www.leadingsearchpartners.com\/wp-content\/uploads\/2018\/04\/R7A1005-Eldina-Basic-768x1229.jpg 768w, https:\/\/www.leadingsearchpartners.com\/wp-content\/uploads\/2018\/04\/R7A1005-Eldina-Basic-640x1024.jpg 640w\" sizes=\"(max-width: 1500px) 100vw, 1500px\" \/><\/div>\n                                    <div class=\"office-person-name\"><h3>Eldina<br> Basic<\/h3><\/div>\n                                    <div class=\"office-person-position\">Partner, Graz<\/div>\n                                    <div class=\"office-person-address\"><p>Heinrichstra\u00dfe 41, <br \/>8010 Graz<br \/><a href=\"mailto:eldina.basic@leadingsearchpartners.com\">e-mail<\/a><\/p><\/div>\n                                <\/div>\n                            <\/div><div class=\"col-sm-3\">\n                                <div class=\"office-person\">\n                                    <div class=\"office-person-image\"><img width=\"1500\" height=\"2400\" src=\"https:\/\/www.leadingsearchpartners.com\/wp-content\/uploads\/2025\/03\/Foto-bearbeitet.jpg\" class=\"attachment-post-thumbnail size-post-thumbnail wp-post-image\" alt=\"\" decoding=\"async\" srcset=\"https:\/\/www.leadingsearchpartners.com\/wp-content\/uploads\/2025\/03\/Foto-bearbeitet.jpg 1500w, https:\/\/www.leadingsearchpartners.com\/wp-content\/uploads\/2025\/03\/Foto-bearbeitet-188x300.jpg 188w, https:\/\/www.leadingsearchpartners.com\/wp-content\/uploads\/2025\/03\/Foto-bearbeitet-640x1024.jpg 640w, https:\/\/www.leadingsearchpartners.com\/wp-content\/uploads\/2025\/03\/Foto-bearbeitet-768x1229.jpg 768w, https:\/\/www.leadingsearchpartners.com\/wp-content\/uploads\/2025\/03\/Foto-bearbeitet-960x1536.jpg 960w, https:\/\/www.leadingsearchpartners.com\/wp-content\/uploads\/2025\/03\/Foto-bearbeitet-1280x2048.jpg 1280w\" sizes=\"(max-width: 1500px) 100vw, 1500px\" \/><\/div>\n                                    <div class=\"office-person-name\"><h3>Leonisa<br> Nika<\/h3><\/div>\n                                    <div class=\"office-person-position\">Research Consultant, Graz<\/div>\n                                    <div class=\"office-person-address\"><p>Heinrichstra\u00dfe 41, <br \/>8010 Graz<br \/><a href=\"mailto:leonisa.nika@leadingsearchpartners.com\">e-mail<\/a><\/p><\/div>\n                                <\/div>\n                            <\/div><\/div><div class=\"row\"><div class=\"col-sm-3\">\n                                <div class=\"office-person\">\n                                    <div class=\"office-person-image\"><img width=\"1600\" height=\"2560\" src=\"https:\/\/www.leadingsearchpartners.com\/wp-content\/uploads\/2026\/01\/DSC7286-gross-scaled.jpg\" class=\"attachment-post-thumbnail size-post-thumbnail wp-post-image\" alt=\"\" decoding=\"async\" srcset=\"https:\/\/www.leadingsearchpartners.com\/wp-content\/uploads\/2026\/01\/DSC7286-gross-scaled.jpg 1600w, https:\/\/www.leadingsearchpartners.com\/wp-content\/uploads\/2026\/01\/DSC7286-gross-188x300.jpg 188w, https:\/\/www.leadingsearchpartners.com\/wp-content\/uploads\/2026\/01\/DSC7286-gross-640x1024.jpg 640w, https:\/\/www.leadingsearchpartners.com\/wp-content\/uploads\/2026\/01\/DSC7286-gross-768x1229.jpg 768w, https:\/\/www.leadingsearchpartners.com\/wp-content\/uploads\/2026\/01\/DSC7286-gross-960x1536.jpg 960w, https:\/\/www.leadingsearchpartners.com\/wp-content\/uploads\/2026\/01\/DSC7286-gross-1280x2048.jpg 1280w\" sizes=\"(max-width: 1600px) 100vw, 1600px\" \/><\/div>\n                                    <div class=\"office-person-name\"><h3>Nina<br> Knafl<\/h3><\/div>\n                                    <div class=\"office-person-position\">Research Consultant, Graz<\/div>\n                                    <div class=\"office-person-address\"><p><span>Heinrichstra\u00dfe 41,<\/span><br \/><span>8010 Graz<br \/><\/span><a href=\"mailto:nina.knafl@leadingsearchpartners.com\">e-mail<\/a><\/p><\/div>\n                                <\/div>\n                            <\/div><\/div><\/div>\n                    <div class=\"office-description\"><p><strong>Directions<br \/>\n<\/strong><a href=\"https:\/\/www.google.at\/maps\/place\/Heinrichstra%C3%9Fe+41,+8010+Graz\/@47.0798111,15.4472083,17z\/data=!3m1!4b1!4m5!3m4!1s0x476e3587c5d15eef:0x8d4cacf452e200d3!8m2!3d47.0798075!4d15.4494023\" target=\"_blank\" rel=\"noopener\">route map<\/a><strong><br \/>\n<\/strong><\/p>\n<p><strong>By car from Vienna<br \/>\n<\/strong>A2 direction Graz, exit 160 \u2013 Gleisdorf-West direction Gleisdorf-West\/B54\/B64<br \/>\nKeep left at the fork and continue on Gleisdorfer Strasse\/B65<br \/>\nTurn left onto Gleisdorfer Strasse\/B65<br \/>\nTurn right onto Hartenaugasse<br \/>\nTurn left onto Schubertstrasse and then turn right onto Liebiggasse<br \/>\nThen turn left onto Heinrichstrasse &#8211; our office is located on the right-hand side a few meters after the pedestrian crossing<\/p>\n<p><strong>By car from Linz\/Salzburg<br \/>\n<\/strong>A9 direction Slovenia\/Graz, exit 173 &#8211; Gratkorn-S\u00fcd direction Graz\/Andritz<br \/>\nAt the roundabout take the first exit and follow Weinz\u00f6ttlstrasse\/B67a<br \/>\nSlight left onto Parkstrasse\/B67a and then left again onto Heinrichstrasse\/B72<br \/>\nIn approx. 850 meters our office is located on the left-hand side of the street.<\/p>\n<p><strong>Parking<br \/>\n<\/strong>Billable short-term parking zone, parking ticket 0,6 \u20ac for 30 minutes (parking ticket mashine)<br \/>\nMo-Fr (on workdays): from 09.00 a.m. to 08.00 p.m.<br \/>\nSa from 09.00 a.m. to 1 p.m.<br \/>\nMaximum 180 minutes<\/p>\n<p><strong>By train<br \/>\n<\/strong>Graz Central Station<\/p>\n<p><strong>By public transport<\/strong><\/p>\n<p>Bus nr. 31 to final stop Graz Uni\/ReSoWi; keep right on Geidorfg\u00fcrtel for approx. 240 meters, then cross the pedestrian crossing and keep left for approx. 10 meters to Heinrichstrasse 41 (walking time about 4 minutes). Our office is located on the right-hand side of the street.<\/p>\n<p>Bus nr. 58 to stop Mozartgasse; cross over to the other side of the street at the traffic light and follow Heinrichstrasse for approx. 180 meters to Heinrichstrasse 41 (walking time about 2 minutes). Our office is located on the left-hand side of the street. <\/p>\n<\/div>\n                <\/div>\n            <\/div>[\/vc_column][\/vc_row]<\/p>\n","protected":false},"excerpt":{"rendered":"<p>[vc_row][vc_column][\/vc_column][\/vc_row]<\/p>\n","protected":false},"author":1,"featured_media":0,"parent":292,"menu_order":0,"comment_status":"closed","ping_status":"closed","template":"","meta":{"footnotes":""},"acf":[],"yoast_head":"<!-- This site is optimized with the Yoast SEO plugin v20.6 - https:\/\/yoast.com\/wordpress\/plugins\/seo\/ -->\n<title>Office Graz - Leading Search Partners<\/title>\n<meta name=\"robots\" content=\"index, follow, max-snippet:-1, max-image-preview:large, max-video-preview:-1\" \/>\n<link rel=\"canonical\" href=\"https:\/\/www.leadingsearchpartners.com\/en\/where-we-are\/office-graz\/\" \/>\n<meta property=\"og:locale\" content=\"en_US\" \/>\n<meta property=\"og:type\" content=\"article\" \/>\n<meta property=\"og:title\" content=\"Office Graz - Leading Search Partners\" \/>\n<meta property=\"og:description\" content=\"[vc_row][vc_column][\/vc_column][\/vc_row]\" \/>\n<meta property=\"og:url\" content=\"https:\/\/www.leadingsearchpartners.com\/en\/where-we-are\/office-graz\/\" \/>\n<meta property=\"og:site_name\" content=\"Leading Search Partners\" \/>\n<meta property=\"article:modified_time\" content=\"2025-03-04T09:54:40+00:00\" \/>\n<meta name=\"twitter:card\" content=\"summary_large_image\" \/>\n<meta name=\"twitter:label1\" content=\"Est. reading time\" \/>\n\t<meta name=\"twitter:data1\" content=\"2 minutes\" \/>\n<script type=\"application\/ld+json\" class=\"yoast-schema-graph\">{\"@context\":\"https:\/\/schema.org\",\"@graph\":[{\"@type\":\"WebPage\",\"@id\":\"https:\/\/www.leadingsearchpartners.com\/en\/where-we-are\/office-graz\/\",\"url\":\"https:\/\/www.leadingsearchpartners.com\/en\/where-we-are\/office-graz\/\",\"name\":\"Office Graz - Leading Search Partners\",\"isPartOf\":{\"@id\":\"https:\/\/www.leadingsearchpartners.com\/#website\"},\"datePublished\":\"2016-01-27T08:21:51+00:00\",\"dateModified\":\"2025-03-04T09:54:40+00:00\",\"breadcrumb\":{\"@id\":\"https:\/\/www.leadingsearchpartners.com\/en\/where-we-are\/office-graz\/#breadcrumb\"},\"inLanguage\":\"en-US\",\"potentialAction\":[{\"@type\":\"ReadAction\",\"target\":[\"https:\/\/www.leadingsearchpartners.com\/en\/where-we-are\/office-graz\/\"]}]},{\"@type\":\"BreadcrumbList\",\"@id\":\"https:\/\/www.leadingsearchpartners.com\/en\/where-we-are\/office-graz\/#breadcrumb\",\"itemListElement\":[{\"@type\":\"ListItem\",\"position\":1,\"name\":\"Startseite\",\"item\":\"https:\/\/www.leadingsearchpartners.com\/home\/\"},{\"@type\":\"ListItem\",\"position\":2,\"name\":\"Where we are\",\"item\":\"https:\/\/www.leadingsearchpartners.com\/en\/where-we-are\/\"},{\"@type\":\"ListItem\",\"position\":3,\"name\":\"Office Graz\"}]},{\"@type\":\"WebSite\",\"@id\":\"https:\/\/www.leadingsearchpartners.com\/#website\",\"url\":\"https:\/\/www.leadingsearchpartners.com\/\",\"name\":\"Leading Search Partners\",\"description\":\"Das Finden und F\u00f6rdern von Sch\u00e4tzen ist  unsere gr\u00f6\u00dfte Passion. Jeden Tag aufs Neue machen wir uns auf die Suche. Und sind so immer einen Schritt voraus.\",\"potentialAction\":[{\"@type\":\"SearchAction\",\"target\":{\"@type\":\"EntryPoint\",\"urlTemplate\":\"https:\/\/www.leadingsearchpartners.com\/?s={search_term_string}\"},\"query-input\":\"required name=search_term_string\"}],\"inLanguage\":\"en-US\"}]}<\/script>\n<!-- \/ Yoast SEO plugin. -->","yoast_head_json":{"title":"Office Graz - Leading Search Partners","robots":{"index":"index","follow":"follow","max-snippet":"max-snippet:-1","max-image-preview":"max-image-preview:large","max-video-preview":"max-video-preview:-1"},"canonical":"https:\/\/www.leadingsearchpartners.com\/en\/where-we-are\/office-graz\/","og_locale":"en_US","og_type":"article","og_title":"Office Graz - Leading Search Partners","og_description":"[vc_row][vc_column][\/vc_column][\/vc_row]","og_url":"https:\/\/www.leadingsearchpartners.com\/en\/where-we-are\/office-graz\/","og_site_name":"Leading Search Partners","article_modified_time":"2025-03-04T09:54:40+00:00","twitter_card":"summary_large_image","twitter_misc":{"Est. reading time":"2 minutes"},"schema":{"@context":"https:\/\/schema.org","@graph":[{"@type":"WebPage","@id":"https:\/\/www.leadingsearchpartners.com\/en\/where-we-are\/office-graz\/","url":"https:\/\/www.leadingsearchpartners.com\/en\/where-we-are\/office-graz\/","name":"Office Graz - Leading Search Partners","isPartOf":{"@id":"https:\/\/www.leadingsearchpartners.com\/#website"},"datePublished":"2016-01-27T08:21:51+00:00","dateModified":"2025-03-04T09:54:40+00:00","breadcrumb":{"@id":"https:\/\/www.leadingsearchpartners.com\/en\/where-we-are\/office-graz\/#breadcrumb"},"inLanguage":"en-US","potentialAction":[{"@type":"ReadAction","target":["https:\/\/www.leadingsearchpartners.com\/en\/where-we-are\/office-graz\/"]}]},{"@type":"BreadcrumbList","@id":"https:\/\/www.leadingsearchpartners.com\/en\/where-we-are\/office-graz\/#breadcrumb","itemListElement":[{"@type":"ListItem","position":1,"name":"Startseite","item":"https:\/\/www.leadingsearchpartners.com\/home\/"},{"@type":"ListItem","position":2,"name":"Where we are","item":"https:\/\/www.leadingsearchpartners.com\/en\/where-we-are\/"},{"@type":"ListItem","position":3,"name":"Office Graz"}]},{"@type":"WebSite","@id":"https:\/\/www.leadingsearchpartners.com\/#website","url":"https:\/\/www.leadingsearchpartners.com\/","name":"Leading Search Partners","description":"Das Finden und F\u00f6rdern von Sch\u00e4tzen ist  unsere gr\u00f6\u00dfte Passion. Jeden Tag aufs Neue machen wir uns auf die Suche. Und sind so immer einen Schritt voraus.","potentialAction":[{"@type":"SearchAction","target":{"@type":"EntryPoint","urlTemplate":"https:\/\/www.leadingsearchpartners.com\/?s={search_term_string}"},"query-input":"required name=search_term_string"}],"inLanguage":"en-US"}]}},"_links":{"self":[{"href":"https:\/\/www.leadingsearchpartners.com\/en\/wp-json\/wp\/v2\/pages\/524"}],"collection":[{"href":"https:\/\/www.leadingsearchpartners.com\/en\/wp-json\/wp\/v2\/pages"}],"about":[{"href":"https:\/\/www.leadingsearchpartners.com\/en\/wp-json\/wp\/v2\/types\/page"}],"author":[{"embeddable":true,"href":"https:\/\/www.leadingsearchpartners.com\/en\/wp-json\/wp\/v2\/users\/1"}],"replies":[{"embeddable":true,"href":"https:\/\/www.leadingsearchpartners.com\/en\/wp-json\/wp\/v2\/comments?post=524"}],"version-history":[{"count":7,"href":"https:\/\/www.leadingsearchpartners.com\/en\/wp-json\/wp\/v2\/pages\/524\/revisions"}],"predecessor-version":[{"id":6480,"href":"https:\/\/www.leadingsearchpartners.com\/en\/wp-json\/wp\/v2\/pages\/524\/revisions\/6480"}],"up":[{"embeddable":true,"href":"https:\/\/www.leadingsearchpartners.com\/en\/wp-json\/wp\/v2\/pages\/292"}],"wp:attachment":[{"href":"https:\/\/www.leadingsearchpartners.com\/en\/wp-json\/wp\/v2\/media?parent=524"}],"curies":[{"name":"wp","href":"https:\/\/api.w.org\/{rel}","templated":true}]}}