
{"id":528,"date":"2016-01-27T09:22:17","date_gmt":"2016-01-27T08:22:17","guid":{"rendered":"http:\/\/www.leadingsearchpartners.com\/en\/?page_id=528"},"modified":"2024-05-08T14:01:21","modified_gmt":"2024-05-08T12:01:21","slug":"office-vienna","status":"publish","type":"page","link":"https:\/\/www.leadingsearchpartners.com\/en\/where-we-are\/office-vienna\/","title":{"rendered":"Office Vienna"},"content":{"rendered":"<p>[vc_row][\/vc_row][vc_column][\/vc_column]<div id=\"office-vienna\" class=\"office\">\n                <div class=\"office-header\">\n                    <div class=\"office-location\"><h1>Office Vienna<\/h1><\/div>\n                    <div class=\"office_address\">\n                        <p>Zollergasse 2\/38<br>1070 Vienna<br><strong>T<\/strong> + 43 1 33 66 0 22<\/p>\n                    <\/div>\n                <\/div>\n                <div class=\"office-content\">\n                    <div class=\"office-persons\"><div class=\"row\"><div class=\"col-sm-3\">\n                                <div class=\"office-person\">\n                                    <div class=\"office-person-image\"><img width=\"271\" height=\"434\" src=\"https:\/\/www.leadingsearchpartners.com\/wp-content\/uploads\/2023\/10\/leading-search-partners-irene-kothbauer.jpg\" class=\"attachment-post-thumbnail size-post-thumbnail wp-post-image\" alt=\"\" decoding=\"async\" srcset=\"https:\/\/www.leadingsearchpartners.com\/wp-content\/uploads\/2023\/10\/leading-search-partners-irene-kothbauer.jpg 271w, https:\/\/www.leadingsearchpartners.com\/wp-content\/uploads\/2023\/10\/leading-search-partners-irene-kothbauer-187x300.jpg 187w\" sizes=\"(max-width: 271px) 100vw, 271px\" \/><\/div>\n                                    <div class=\"office-person-name\"><h3>Irene<br> Kothbauer<\/h3><\/div>\n                                    <div class=\"office-person-position\">Research Consultant, Vienna<\/div>\n                                    <div class=\"office-person-address\"><p><span>Zollergasse 2\/38<\/span><br \/><span>1070 Wien<\/span><br \/><span>T\u00a0<\/span><span>+43 1 33 66\u00a0022<\/span><br \/><a href=\"mailto:irene.kothbauer@leadingsearchpartners.com\">e-mail<\/a><\/p><\/div>\n                                <\/div>\n                            <\/div><div class=\"col-sm-3\">\n                                <div class=\"office-person\">\n                                    <div class=\"office-person-image\"><img width=\"271\" height=\"433\" src=\"https:\/\/www.leadingsearchpartners.com\/wp-content\/uploads\/2018\/04\/Gabriele-Greimel.jpg\" class=\"attachment-post-thumbnail size-post-thumbnail wp-post-image\" alt=\"\" decoding=\"async\" srcset=\"https:\/\/www.leadingsearchpartners.com\/wp-content\/uploads\/2018\/04\/Gabriele-Greimel.jpg 271w, https:\/\/www.leadingsearchpartners.com\/wp-content\/uploads\/2018\/04\/Gabriele-Greimel-188x300.jpg 188w\" sizes=\"(max-width: 271px) 100vw, 271px\" \/><\/div>\n                                    <div class=\"office-person-name\"><h3>Gabriele<br> Greimel<\/h3><\/div>\n                                    <div class=\"office-person-position\">Partner, Vienna<\/div>\n                                    <div class=\"office-person-address\"><p>Zollergasse 2\/38<br \/>1070 Wien<br \/>T +43 664 243 8811<br \/><a href=\"mailto:gabriele.greimel@leadingsearchpartners.com\">e-mail<\/a><\/p><\/div>\n                                <\/div>\n                            <\/div><div class=\"col-sm-3\">\n                                <div class=\"office-person\">\n                                    <div class=\"office-person-image\"><img width=\"1500\" height=\"2400\" src=\"https:\/\/www.leadingsearchpartners.com\/wp-content\/uploads\/2018\/04\/R7A9130-Gerald-Metzler.jpg\" class=\"attachment-post-thumbnail size-post-thumbnail wp-post-image\" alt=\"\" decoding=\"async\" srcset=\"https:\/\/www.leadingsearchpartners.com\/wp-content\/uploads\/2018\/04\/R7A9130-Gerald-Metzler.jpg 1500w, https:\/\/www.leadingsearchpartners.com\/wp-content\/uploads\/2018\/04\/R7A9130-Gerald-Metzler-188x300.jpg 188w, https:\/\/www.leadingsearchpartners.com\/wp-content\/uploads\/2018\/04\/R7A9130-Gerald-Metzler-768x1229.jpg 768w, https:\/\/www.leadingsearchpartners.com\/wp-content\/uploads\/2018\/04\/R7A9130-Gerald-Metzler-640x1024.jpg 640w\" sizes=\"(max-width: 1500px) 100vw, 1500px\" \/><\/div>\n                                    <div class=\"office-person-name\"><h3>Gerald<br> Metzler<\/h3><\/div>\n                                    <div class=\"office-person-position\">Partner, Graz\/Vienna<\/div>\n                                    <div class=\"office-person-address\"><p>Heinrichstra\u00dfe 41,<br \/>8010 Graz<br \/><a href=\"mailto:gerald.metzler@leadingsearchpartners.com\">e-mail<\/a><\/p><\/div>\n                                <\/div>\n                            <\/div><div class=\"col-sm-3\">\n                                <div class=\"office-person\">\n                                    <div class=\"office-person-image\"><img width=\"1500\" height=\"2400\" src=\"https:\/\/www.leadingsearchpartners.com\/wp-content\/uploads\/2023\/02\/DSC0820_PS.jpg\" class=\"attachment-post-thumbnail size-post-thumbnail wp-post-image\" alt=\"\" decoding=\"async\" srcset=\"https:\/\/www.leadingsearchpartners.com\/wp-content\/uploads\/2023\/02\/DSC0820_PS.jpg 1500w, https:\/\/www.leadingsearchpartners.com\/wp-content\/uploads\/2023\/02\/DSC0820_PS-188x300.jpg 188w, https:\/\/www.leadingsearchpartners.com\/wp-content\/uploads\/2023\/02\/DSC0820_PS-640x1024.jpg 640w, https:\/\/www.leadingsearchpartners.com\/wp-content\/uploads\/2023\/02\/DSC0820_PS-768x1229.jpg 768w, https:\/\/www.leadingsearchpartners.com\/wp-content\/uploads\/2023\/02\/DSC0820_PS-960x1536.jpg 960w, https:\/\/www.leadingsearchpartners.com\/wp-content\/uploads\/2023\/02\/DSC0820_PS-1280x2048.jpg 1280w\" sizes=\"(max-width: 1500px) 100vw, 1500px\" \/><\/div>\n                                    <div class=\"office-person-name\"><h3>Claus<br> Schmidt<\/h3><\/div>\n                                    <div class=\"office-person-position\">Partner, Graz\/Vienna\/Munich<\/div>\n                                    <div class=\"office-person-address\"><p>Heinrichstra\u00dfe 41, <br \/>8010 Graz<br \/><a href=\"mailto:claus.schmidt@leadingsearchpartners.com\">e-mail<\/a><\/p><\/div>\n                                <\/div>\n                            <\/div><\/div><div class=\"row\"><div class=\"col-sm-3\">\n                                <div class=\"office-person\">\n                                    <div class=\"office-person-image\"><\/div>\n                                    <div class=\"office-person-name\"><h3><\/h3><\/div>\n                                    <div class=\"office-person-position\"><\/div>\n                                    <div class=\"office-person-address\"><\/div>\n                                <\/div>\n                            <\/div><\/div><\/div>\n                    <div class=\"office-description\"><p><strong>Where we are<br \/>\n<\/strong><a href=\"https:\/\/www.google.at\/maps\/place\/Zollergasse+2,+1070+Wien\/@48.1991426,16.3513454,17z\/data=!3m1!4b1!4m6!3m5!1s0x476d078c27eb85dd:0xa6138f63956a0dd5!8m2!3d48.1991426!4d16.3513454!16s%2Fg%2F11bw3ymq_w?entry=ttu\">Getting there<\/a><\/p>\n<p><strong>Parking<\/strong><strong><br \/>\n<\/strong>chargeable, max 2 hours<br \/>\nMo-Fr (working day) 09.00 am to 10:00 pm<\/p>\n<p><strong>Parking Garages nearby<\/strong><strong><br \/>\n<\/strong>Parking Garage Gerngross, Lindengasse 17-19, 1070 Wien<br \/>\nParking Garage Stiftgasse 5-9, 1070 Wien<\/p>\n<p><strong>Public Transport<\/strong><strong><br \/>\n<\/strong>Underground: U3 Neubaugasse<br \/>\nBus: 13A Neubaugasse<\/p>\n<\/div>\n                <\/div>\n            <\/div>\n","protected":false},"excerpt":{"rendered":"<p>[vc_row][\/vc_row][vc_column][\/vc_column]<\/p>\n","protected":false},"author":1,"featured_media":0,"parent":292,"menu_order":0,"comment_status":"closed","ping_status":"closed","template":"","meta":{"footnotes":""},"acf":[],"yoast_head":"<!-- This site is optimized with the Yoast SEO plugin v20.6 - https:\/\/yoast.com\/wordpress\/plugins\/seo\/ -->\n<title>Office Vienna - Leading Search Partners<\/title>\n<meta name=\"robots\" content=\"index, follow, max-snippet:-1, max-image-preview:large, max-video-preview:-1\" \/>\n<link rel=\"canonical\" href=\"https:\/\/www.leadingsearchpartners.com\/en\/where-we-are\/office-vienna\/\" \/>\n<meta property=\"og:locale\" content=\"en_US\" \/>\n<meta property=\"og:type\" content=\"article\" \/>\n<meta property=\"og:title\" content=\"Office Vienna - Leading Search Partners\" \/>\n<meta property=\"og:description\" content=\"[vc_row][\/vc_row][vc_column][\/vc_column]\" \/>\n<meta property=\"og:url\" content=\"https:\/\/www.leadingsearchpartners.com\/en\/where-we-are\/office-vienna\/\" \/>\n<meta property=\"og:site_name\" content=\"Leading Search Partners\" \/>\n<meta property=\"article:modified_time\" content=\"2024-05-08T12:01:21+00:00\" \/>\n<meta name=\"twitter:card\" content=\"summary_large_image\" \/>\n<meta name=\"twitter:label1\" content=\"Est. reading time\" \/>\n\t<meta name=\"twitter:data1\" content=\"1 minute\" \/>\n<script type=\"application\/ld+json\" class=\"yoast-schema-graph\">{\"@context\":\"https:\/\/schema.org\",\"@graph\":[{\"@type\":\"WebPage\",\"@id\":\"https:\/\/www.leadingsearchpartners.com\/en\/where-we-are\/office-vienna\/\",\"url\":\"https:\/\/www.leadingsearchpartners.com\/en\/where-we-are\/office-vienna\/\",\"name\":\"Office Vienna - Leading Search Partners\",\"isPartOf\":{\"@id\":\"https:\/\/www.leadingsearchpartners.com\/#website\"},\"datePublished\":\"2016-01-27T08:22:17+00:00\",\"dateModified\":\"2024-05-08T12:01:21+00:00\",\"breadcrumb\":{\"@id\":\"https:\/\/www.leadingsearchpartners.com\/en\/where-we-are\/office-vienna\/#breadcrumb\"},\"inLanguage\":\"en-US\",\"potentialAction\":[{\"@type\":\"ReadAction\",\"target\":[\"https:\/\/www.leadingsearchpartners.com\/en\/where-we-are\/office-vienna\/\"]}]},{\"@type\":\"BreadcrumbList\",\"@id\":\"https:\/\/www.leadingsearchpartners.com\/en\/where-we-are\/office-vienna\/#breadcrumb\",\"itemListElement\":[{\"@type\":\"ListItem\",\"position\":1,\"name\":\"Startseite\",\"item\":\"https:\/\/www.leadingsearchpartners.com\/home\/\"},{\"@type\":\"ListItem\",\"position\":2,\"name\":\"Where we are\",\"item\":\"https:\/\/www.leadingsearchpartners.com\/en\/where-we-are\/\"},{\"@type\":\"ListItem\",\"position\":3,\"name\":\"Office Vienna\"}]},{\"@type\":\"WebSite\",\"@id\":\"https:\/\/www.leadingsearchpartners.com\/#website\",\"url\":\"https:\/\/www.leadingsearchpartners.com\/\",\"name\":\"Leading Search Partners\",\"description\":\"Das Finden und F\u00f6rdern von Sch\u00e4tzen ist  unsere gr\u00f6\u00dfte Passion. Jeden Tag aufs Neue machen wir uns auf die Suche. Und sind so immer einen Schritt voraus.\",\"potentialAction\":[{\"@type\":\"SearchAction\",\"target\":{\"@type\":\"EntryPoint\",\"urlTemplate\":\"https:\/\/www.leadingsearchpartners.com\/?s={search_term_string}\"},\"query-input\":\"required name=search_term_string\"}],\"inLanguage\":\"en-US\"}]}<\/script>\n<!-- \/ Yoast SEO plugin. -->","yoast_head_json":{"title":"Office Vienna - Leading Search Partners","robots":{"index":"index","follow":"follow","max-snippet":"max-snippet:-1","max-image-preview":"max-image-preview:large","max-video-preview":"max-video-preview:-1"},"canonical":"https:\/\/www.leadingsearchpartners.com\/en\/where-we-are\/office-vienna\/","og_locale":"en_US","og_type":"article","og_title":"Office Vienna - Leading Search Partners","og_description":"[vc_row][\/vc_row][vc_column][\/vc_column]","og_url":"https:\/\/www.leadingsearchpartners.com\/en\/where-we-are\/office-vienna\/","og_site_name":"Leading Search Partners","article_modified_time":"2024-05-08T12:01:21+00:00","twitter_card":"summary_large_image","twitter_misc":{"Est. reading time":"1 minute"},"schema":{"@context":"https:\/\/schema.org","@graph":[{"@type":"WebPage","@id":"https:\/\/www.leadingsearchpartners.com\/en\/where-we-are\/office-vienna\/","url":"https:\/\/www.leadingsearchpartners.com\/en\/where-we-are\/office-vienna\/","name":"Office Vienna - Leading Search Partners","isPartOf":{"@id":"https:\/\/www.leadingsearchpartners.com\/#website"},"datePublished":"2016-01-27T08:22:17+00:00","dateModified":"2024-05-08T12:01:21+00:00","breadcrumb":{"@id":"https:\/\/www.leadingsearchpartners.com\/en\/where-we-are\/office-vienna\/#breadcrumb"},"inLanguage":"en-US","potentialAction":[{"@type":"ReadAction","target":["https:\/\/www.leadingsearchpartners.com\/en\/where-we-are\/office-vienna\/"]}]},{"@type":"BreadcrumbList","@id":"https:\/\/www.leadingsearchpartners.com\/en\/where-we-are\/office-vienna\/#breadcrumb","itemListElement":[{"@type":"ListItem","position":1,"name":"Startseite","item":"https:\/\/www.leadingsearchpartners.com\/home\/"},{"@type":"ListItem","position":2,"name":"Where we are","item":"https:\/\/www.leadingsearchpartners.com\/en\/where-we-are\/"},{"@type":"ListItem","position":3,"name":"Office Vienna"}]},{"@type":"WebSite","@id":"https:\/\/www.leadingsearchpartners.com\/#website","url":"https:\/\/www.leadingsearchpartners.com\/","name":"Leading Search Partners","description":"Das Finden und F\u00f6rdern von Sch\u00e4tzen ist  unsere gr\u00f6\u00dfte Passion. Jeden Tag aufs Neue machen wir uns auf die Suche. Und sind so immer einen Schritt voraus.","potentialAction":[{"@type":"SearchAction","target":{"@type":"EntryPoint","urlTemplate":"https:\/\/www.leadingsearchpartners.com\/?s={search_term_string}"},"query-input":"required name=search_term_string"}],"inLanguage":"en-US"}]}},"_links":{"self":[{"href":"https:\/\/www.leadingsearchpartners.com\/en\/wp-json\/wp\/v2\/pages\/528"}],"collection":[{"href":"https:\/\/www.leadingsearchpartners.com\/en\/wp-json\/wp\/v2\/pages"}],"about":[{"href":"https:\/\/www.leadingsearchpartners.com\/en\/wp-json\/wp\/v2\/types\/page"}],"author":[{"embeddable":true,"href":"https:\/\/www.leadingsearchpartners.com\/en\/wp-json\/wp\/v2\/users\/1"}],"replies":[{"embeddable":true,"href":"https:\/\/www.leadingsearchpartners.com\/en\/wp-json\/wp\/v2\/comments?post=528"}],"version-history":[{"count":11,"href":"https:\/\/www.leadingsearchpartners.com\/en\/wp-json\/wp\/v2\/pages\/528\/revisions"}],"predecessor-version":[{"id":6357,"href":"https:\/\/www.leadingsearchpartners.com\/en\/wp-json\/wp\/v2\/pages\/528\/revisions\/6357"}],"up":[{"embeddable":true,"href":"https:\/\/www.leadingsearchpartners.com\/en\/wp-json\/wp\/v2\/pages\/292"}],"wp:attachment":[{"href":"https:\/\/www.leadingsearchpartners.com\/en\/wp-json\/wp\/v2\/media?parent=528"}],"curies":[{"name":"wp","href":"https:\/\/api.w.org\/{rel}","templated":true}]}}